{"id":25992,"date":"2023-08-17T09:55:44","date_gmt":"2023-08-17T09:55:44","guid":{"rendered":"https:\/\/verdeaurora.com\/pflanzen-sie-ihre-aloe\/"},"modified":"2023-08-17T09:55:45","modified_gmt":"2023-08-17T09:55:45","slug":"pflanzen-sie-ihre-aloe","status":"publish","type":"page","link":"https:\/\/verdeaurora.com\/de\/pflanzen-sie-ihre-aloe\/","title":{"rendered":"Pflanzen Sie Ihre Aloe"},"content":{"rendered":"<div class=\"wpb-content-wrapper\"><p>[vc_row full_width=&#8220;stretch_row&#8220; woodmart_bg_position=&#8220;center-center&#8220; woodmart_css_id=&#8220;64b7e3baaedea&#8220; mobile_bg_img_hidden=&#8220;no&#8220; tablet_bg_img_hidden=&#8220;no&#8220; woodmart_parallax=&#8220;0&#8243; woodmart_gradient_switch=&#8220;no&#8220; woodmart_box_shadow=&#8220;no&#8220; wd_z_index=&#8220;no&#8220; woodmart_disable_overflow=&#8220;0&#8243; row_reverse_mobile=&#8220;0&#8243; row_reverse_tablet=&#8220;0&#8243; css=&#8220;.vc_custom_1689773124140{margin-top: -30px !important;padding-top: 150px !important;padding-bottom: 150px !important;background-image: url(https:\/\/verdeaurora.com\/wp-content\/uploads\/2023\/07\/plantar-aloe-vera-head.jpg?id=25812) !important;background-position: center !important;background-repeat: no-repeat !important;background-size: cover !important;}&#8220; responsive_spacing=&#8220;eyJwYXJhbV90eXBlIjoid29vZG1hcnRfcmVzcG9uc2l2ZV9zcGFjaW5nIiwic2VsZWN0b3JfaWQiOiI2NGI3ZTNiYWFlZGVhIiwic2hvcnRjb2RlIjoidmNfcm93IiwiZGF0YSI6eyJ0YWJsZXQiOnt9LCJtb2JpbGUiOnt9fX0=&#8220;][vc_column]\n\t\t<div id=\"wd-64b7e4e535f35\" class=\"title-wrapper wd-wpb wd-set-mb reset-last-child  wd-rs-64b7e4e535f35 wd-title-color-white wd-title-style-default text-center title-raleway  wd-underline-colored\">\n\t\t\t\n\t\t\t<div class=\"liner-continer\">\n\t\t\t\t<h5 class=\"woodmart-title-container title  wd-font-weight- wd-fontsize-xxxl\" >Erfahren Sie, wie Sie Ihre Aloe anpflanzen und Ihr eigenes Gel herstellen;<\/h5>\n\t\t\t\t\t\t\t<\/div>\n\t\t\t\n\t\t\t\n\t\t\t\n\t\t<\/div>\n\t\t\n\t\t[\/vc_column][\/vc_row][vc_row][vc_column][vc_column_text woodmart_inline=&#8220;no&#8220; text_larger=&#8220;no&#8220;]<\/p>\n<h1>Pflanzen Sie Ihre Aloe<\/h1>\n<h2 class=\"activity__title js-title\" data-track=\"activity-title\" data-test-id=\"activity-title\">Erleben Sie eine authentische lokale Erfahrung aus erster Hand und nehmen Sie an verschiedenen interaktiven Aktivit\u00e4ten teil;<\/h2>\n<p>Die Familiengeschichte des Bauernhofs (3 Generationen, seit mein Gro\u00dfvater Antonio vor \u00fcber 50 Jahren beschloss, ihn zu kaufen, um Tomaten anzupflanzen), die Umgebung, in der wir uns befinden (die es uns erm\u00f6glicht, den vulkanischen Ursprung der Insel sowie das besondere Schutzgebiet f\u00fcr V\u00f6gel zu erkl\u00e4ren und wir k\u00f6nnen w\u00e4hrend des Besuchs endemische Arten der Insel sehen) und nat\u00fcrlich das Engagement f\u00fcr die Natur, da der Bauernhof 100% biologisch und bio-zertifiziert ist;<\/p>\n<h2>Besuch der Aloe-Plantage<\/h2>\n<p>Erl\u00e4uterung der Pflanze, ihres Anbaus und ihrer Ernte; Wir zeigen Ihnen, wie Sie die Bl\u00e4tter f\u00fcr die weitere Arbeit schneiden k\u00f6nnen;<\/p>\n<h2>Dekorieren Sie Ihren Topf<\/h2>\n<p>Im Arbeitsbereich stehen verschiedene T\u00f6pfe und Materialien zum Verzieren bereit, wir w\u00e4hlen unseren Topf und verzieren ihn;<\/p>\n<h2>Besuch des Aloe-Vera-Gartens und der Werkstatt;<\/h2>\n<p>Wir nutzen die Tatsache, dass unser Topf austrocknet, um einen Spaziergang durch unseren Garten zu machen und einen Workshop zu veranstalten, in dem wir alles \u00fcber Aloe Vera, ihre Eigenschaften, ihre Verarbeitung und die Herstellung unseres eigenen Gels oder unserer eigenen Creme zu Hause usw. erfahren;<\/p>\n<h2>Anpflanzen von Aloe vera<\/h2>\n<p>Jetzt, wo unser Topf trocken ist, werden wir unsere eigene Aloe pflanzen; Wir werden \u00fcber die Pflanzen (um eine zu adoptieren) und die verschiedenen Arten von Substrat verf\u00fcgen, um die richtige Mischung f\u00fcr unsere Aloe vorzubereiten; All dies mit Hilfe unseres F\u00fchrers, der uns die Schritte zeigt, damit unsere Pflanze gesund und stark w\u00e4chst;<\/p>\n<h2>Freie Zeit;<\/h2>\n<p>Sie k\u00f6nnen in unserer Cafeteria ein Getr\u00e4nk zu sich nehmen, den Laden besuchen, dem Esel Hallo sagen, usw.[\/vc_column_text][\/vc_column][\/vc_row][vc_row][vc_column][vc_column_text woodmart_inline=&#8220;no&#8220; text_larger=&#8220;no&#8220;]<!-- FareHarbor calendar of item #476156 --><br \/>\n<script src=\"https:\/\/fareharbor.com\/embeds\/script\/calendar\/verdeaurora\/items\/476156\/?fallback=simple&amp;full-items=yes&amp;flow=729734\"><\/script>[\/vc_column_text][\/vc_column][\/vc_row]<\/p>\n<\/div>","protected":false},"excerpt":{"rendered":"<p>[vc_row full_width=&#8220;stretch_row&#8220; woodmart_bg_position=&#8220;center-center&#8220; woodmart_css_id=&#8220;64b7e3baaedea&#8220; mobile_bg_img_hidden=&#8220;no&#8220; tablet_bg_img_hidden=&#8220;no&#8220; woodmart_parallax=&#8220;0&#8243; woodmart_gradient_switch=&#8220;no&#8220; woodmart_box_shadow=&#8220;no&#8220; wd_z_index=&#8220;no&#8220; woodmart_disable_overflow=&#8220;0&#8243; row_reverse_mobile=&#8220;0&#8243; row_reverse_tablet=&#8220;0&#8243; css=&#8220;.vc_custom_1689773124140{margin-top: -30px !important;padding-top: 150px !important;padding-bottom: 150px !important;background-image:<\/p>\n","protected":false},"author":6431,"featured_media":0,"parent":0,"menu_order":0,"comment_status":"closed","ping_status":"closed","template":"","meta":{"footnotes":""},"class_list":["post-25992","page","type-page","status-publish","hentry"],"_links":{"self":[{"href":"https:\/\/verdeaurora.com\/de\/wp-json\/wp\/v2\/pages\/25992","targetHints":{"allow":["GET"]}}],"collection":[{"href":"https:\/\/verdeaurora.com\/de\/wp-json\/wp\/v2\/pages"}],"about":[{"href":"https:\/\/verdeaurora.com\/de\/wp-json\/wp\/v2\/types\/page"}],"author":[{"embeddable":true,"href":"https:\/\/verdeaurora.com\/de\/wp-json\/wp\/v2\/users\/6431"}],"replies":[{"embeddable":true,"href":"https:\/\/verdeaurora.com\/de\/wp-json\/wp\/v2\/comments?post=25992"}],"version-history":[{"count":0,"href":"https:\/\/verdeaurora.com\/de\/wp-json\/wp\/v2\/pages\/25992\/revisions"}],"wp:attachment":[{"href":"https:\/\/verdeaurora.com\/de\/wp-json\/wp\/v2\/media?parent=25992"}],"curies":[{"name":"wp","href":"https:\/\/api.w.org\/{rel}","templated":true}]}}