{"id":26595,"date":"2024-02-21T10:01:47","date_gmt":"2024-02-21T10:01:47","guid":{"rendered":"https:\/\/verdeaurora.com\/?page_id=26595"},"modified":"2024-05-10T11:17:15","modified_gmt":"2024-05-10T11:17:15","slug":"haeufig-gestellte-fragen-erfahrungen","status":"publish","type":"page","link":"https:\/\/verdeaurora.com\/de\/haeufig-gestellte-fragen-erfahrungen\/","title":{"rendered":"H\u00e4ufig gestellte Fragen \u00b7 Erfahrungen"},"content":{"rendered":"<div class=\"wpb-content-wrapper\"><p>[vc_row full_width=&#8220;stretch_row&#8220; css=&#8220;.vc_custom_1583670058963{margin-top: -50px !important;padding-top: 40px !important;padding-bottom: 40px !important;background-position: center !important;background-repeat: no-repeat !important;background-size: cover !important;}&#8220; mobile_bg_img_hidden=&#8220;no&#8220; tablet_bg_img_hidden=&#8220;no&#8220; woodmart_parallax=&#8220;0&#8243; woodmart_gradient_switch=&#8220;no&#8220; row_reverse_mobile=&#8220;0&#8243; row_reverse_tablet=&#8220;0&#8243; woodmart_disable_overflow=&#8220;0&#8243;][vc_column mobile_bg_img_hidden=&#8220;no&#8220; tablet_bg_img_hidden=&#8220;no&#8220; woodmart_parallax=&#8220;0&#8243; woodmart_sticky_column=&#8220;false&#8220; parallax_scroll=&#8220;no&#8220; mobile_reset_margin=&#8220;no&#8220; tablet_reset_margin=&#8220;no&#8220;]\n\t\t<div id=\"wd-65b391fd416ac\" class=\"title-wrapper wd-wpb wd-set-mb reset-last-child  wd-rs-65b391fd416ac wd-title-color-default wd-title-style-default text-center vc_custom_1706267153968 wd-underline-colored\">\n\t\t\t\n\t\t\t<div class=\"liner-continer\">\n\t\t\t\t<h4 class=\"woodmart-title-container title  wd-font-weight-100 wd-fontsize-xl\" >Kundendienst<\/h4>\n\t\t\t\t\t\t\t<\/div>\n\t\t\t\n\t\t\t\t\t\t\t<div class=\"title-after_title reset-last-child  wd-fontsize-s\">H\u00e4ufig gestellte Fragen | Erlebnisse<\/div>\n\t\t\t\n\t\t\t\n\t\t<\/div>\n\t\t\n\t\t[\/vc_column][\/vc_row][vc_row css=&#8220;.vc_custom_1583670066881{padding-top: 30px !important;padding-right: 30px !important;padding-bottom: 30px !important;padding-left: 30px !important;}&#8220; mobile_bg_img_hidden=&#8220;no&#8220; tablet_bg_img_hidden=&#8220;no&#8220; woodmart_parallax=&#8220;0&#8243; woodmart_gradient_switch=&#8220;no&#8220; row_reverse_mobile=&#8220;0&#8243; row_reverse_tablet=&#8220;0&#8243; woodmart_disable_overflow=&#8220;0&#8243;][vc_column][vc_tta_accordion c_icon=&#8220;chevron&#8220; c_position=&#8220;right&#8220; active_section=&#8220;100&#8243; collapsible_all=&#8220;true&#8220;][vc_tta_section i_icon_fontawesome=&#8220;far fa-calendar-check&#8220; add_icon=&#8220;true&#8220; title=&#8220;Unmittelbare Kenntnis der Verf\u00fcgbarkeit&#8220; tab_id=&#8220;disponibilidad&#8220;][vc_column_text text_larger=&#8220;no&#8220; woodmart_inline=&#8220;no&#8220;]<\/p>\n<div dir=\"ltr\">Die Verf\u00fcgbarkeit kann direkt auf unserer Website \u00fcberpr\u00fcft werden: <a href=\"https:\/\/verdeaurora.com\/de\/erfahrungen\/\" target=\"_blank\" rel=\"noopener\" data-saferedirecturl=\"https:\/\/www.google.com\/url?q=https:\/\/www.momentorural.com&amp;source=gmail&amp;ust=1652009010571000&amp;usg=AOvVaw0eHj2c1N4r9iKWns1dKhwe\">https:\/\/verdeaurora.com\/de\/erfahrungen\/<\/a><\/div>\n<div dir=\"ltr\"><\/div>\n<div dir=\"ltr\">Klicken Sie auf jede Aktivit\u00e4t, um die Verf\u00fcgbarkeit zu pr\u00fcfen.<br \/>\nSie k\u00f6nnen den verf\u00fcgbaren Zeitplan\/die Dauer in der Erlebnisinfo sehen.<\/div>\n<p>[\/vc_column_text][\/vc_tta_section][vc_tta_section i_icon_fontawesome=&#8220;fas fa-tasks&#8220; add_icon=&#8220;true&#8220; title=&#8220;Muss ich reservieren?&#8220; tab_id=&#8220;reservar&#8220;][vc_column_text text_larger=&#8220;no&#8220; woodmart_inline=&#8220;no&#8220;]Ja. Wir empfehlen Ihnen, sich anzumelden, um sicherzustellen, dass Sie das Erlebnis wahrnehmen k\u00f6nnen.<br \/>\nAuf diese Weise sichern Sie sich auch Ihren Platz, denn wir arbeiten mit kleinen Gruppen.[\/vc_column_text][\/vc_tta_section][vc_tta_section i_icon_fontawesome=&#8220;fas fa-check-double&#8220; add_icon=&#8220;true&#8220; title=&#8220;Sichern Sie sich sofort Ihre Buchung&#8220; tab_id=&#8220;1706271286248-cf4d4b6f-319c&#8220;][vc_column_text text_larger=&#8220;no&#8220; woodmart_inline=&#8220;no&#8220;]Sobald Sie das Datum, die Anzahl der Personen und die Sprache ausgew\u00e4hlt haben, fahren Sie mit der Zahlung fort, um Ihre Reservierung zu garantieren.<\/p>\n<ol>\n<li>\u00dcberpr\u00fcfen Sie, ob alle Informationen korrekt sind.<\/li>\n<li>Ihre Buchung wird sofort durchgef\u00fchrt und Sie erhalten eine Best\u00e4tigungs-E-Mail.<\/li>\n<\/ol>\n<p>[\/vc_column_text][\/vc_tta_section][vc_tta_section i_icon_fontawesome=&#8220;fas fa-hourglass-start&#8220; add_icon=&#8220;true&#8220; title=&#8220;Wie lange im Voraus muss ich buchen?&#8220; tab_id=&#8220;1706272562856-8d0c82dc-cb69&#8243;][vc_column_text css=&#8220;&#8220; text_larger=&#8220;no&#8220; woodmart_inline=&#8220;no&#8220;]Es ist m\u00f6glich, bis zu 17 Stunden vor Beginn des Erlebnisses zu buchen.<br \/>\nUnsere Website zeigt immer die aktuelle Verf\u00fcgbarkeit an und erm\u00f6glicht die Buchung nur, wenn eine Reservierung m\u00f6glich ist.<\/p>\n<p>Wir empfehlen Ihnen, so fr\u00fch wie m\u00f6glich zu reservieren, um sich Ihren Platz zu sichern, da die Gruppen klein sind.<\/p>\n<p>Sollte das Erlebnis nicht mehr online verf\u00fcgbar sein, weil es in den n\u00e4chsten Stunden stattfindet, ist es notwendig, die Verf\u00fcgbarkeit direkt auf der Finca oder unter der Telefonnummer +34 682 37 34 07 zu erfragen.[\/vc_column_text][\/vc_tta_section][vc_tta_section i_icon_fontawesome=&#8220;fas fa-user-friends&#8220; add_icon=&#8220;true&#8220; title=&#8220;Gibt es eine Mindest- oder H\u00f6chstzahl von Personen, die gebucht werden k\u00f6nnen?&#8220; tab_id=&#8220;1706273088212-955b4344-d7ba&#8220;][vc_column_text text_larger=&#8220;no&#8220; woodmart_inline=&#8220;no&#8220;]Die Mindestteilnehmerzahl f\u00fcr ein Erlebnis betr\u00e4gt 2 Personen.<br \/>\nWenn es an dem gew\u00e4hlten Tag bereits mehr Teilnehmer gibt, k\u00f6nnen Sie eine Reservierung f\u00fcr 1 Person vornehmen.<\/p>\n<p>Da wir ein kleines Team sind, das verschiedene Aufgaben auf dem Bauernhof wahrnimmt, k\u00f6nnen wir keine Erlebnisse f\u00fcr nur eine Person anbieten.<\/p>\n<p>Die H\u00f6chstzahl der Teilnehmer betr\u00e4gt 15.[\/vc_column_text][\/vc_tta_section][vc_tta_section i_icon_fontawesome=&#8220;fas fa-credit-card&#8220; add_icon=&#8220;true&#8220; title=&#8220;Zahlungsarten&#8220; tab_id=&#8220;1706272391763-7652fcfc-b4de&#8220;][vc_column_text text_larger=&#8220;no&#8220; woodmart_inline=&#8220;no&#8220;]Die Zahlung erfolgt per Kredit-\/Debitkarte zum Zeitpunkt der Buchung.<br \/>\nAuf diese Weise k\u00f6nnen wir Ihre Reservierung f\u00fcr den von Ihnen gew\u00e4hlten Tag garantieren.[\/vc_column_text][\/vc_tta_section][vc_tta_section i_icon_fontawesome=&#8220;fas fa-hiking&#8220; add_icon=&#8220;true&#8220; title=&#8220;Wie weit m\u00fcssen Sie laufen?&#8220; tab_id=&#8220;1706273257716-edd96cb3-1d6e&#8220;][vc_column_text text_larger=&#8220;no&#8220; woodmart_inline=&#8220;no&#8220;]Der Fu\u00dfweg ist kurz, leicht und ohne Steigungen.<br \/>\nWeniger als 1 km (ungef\u00e4hr).[\/vc_column_text][\/vc_tta_section][vc_tta_section i_icon_fontawesome=&#8220;fas fa-wheelchair&#8220; add_icon=&#8220;true&#8220; title=&#8220;Zugang f\u00fcr Menschen mit Behinderungen&#8220; tab_id=&#8220;1715339241331-ef362b1d-aca6&#8243;][vc_column_text css=&#8220;&#8220; text_larger=&#8220;no&#8220; woodmart_inline=&#8220;no&#8220;]- Rollst\u00fchle: Aufgrund der Beschaffenheit des Gel\u00e4ndes ist es nicht m\u00f6glich, die Erfahrung zu machen (nur der Zugang zum Zelt ist m\u00f6glich).<br \/>\n&#8211; Gehhilfen, St\u00f6cke oder Kr\u00fccken: Der Zugang ist m\u00f6glich.<br \/>\nWenn Sie irgendwelche Zweifel haben, ist es notwendig, in der Finca oder unter der Telefonnummer +34 682 37 34 07 zu fragen.[\/vc_column_text][\/vc_tta_section][vc_tta_section i_icon_fontawesome=&#8220;fas fa-star&#8220; add_icon=&#8220;true&#8220; title=&#8220;Wann findet das Starlight Experience statt?&#8220; tab_id=&#8220;1706272304823-cec4fd30-87ff&#8220;][vc_column_text text_larger=&#8220;no&#8220; woodmart_inline=&#8220;no&#8220;]Die Bio Farm Starlight Experience ist m\u00f6glicherweise nicht verf\u00fcgbar. Der Kalender zeigt an, ob es Termine gibt, an denen diese Aktivit\u00e4t stattfinden wird.<\/p>\n<p>Diese Erfahrung wird auf Ad-hoc-Basis durchgef\u00fchrt, da eine Gruppe von insgesamt mindestens 20 Personen erforderlich ist, um sie durchzuf\u00fchren, da es sich um eine Investition handelt, um die f\u00fcr diese Erfahrung erforderlichen Fachleute und Materialien zu haben.<\/p>\n<p>Sollte dies nicht m\u00f6glich sein, empfehlen wir unsere beliebteste Aktivit\u00e4t, die immer in kleinen Gruppen stattfindet, die Bio Farm Premium Experience.[\/vc_column_text][\/vc_tta_section][\/vc_tta_accordion][\/vc_column][\/vc_row][vc_row full_width=&#8220;stretch_row&#8220; mobile_bg_img_hidden=&#8220;no&#8220; tablet_bg_img_hidden=&#8220;no&#8220; woodmart_parallax=&#8220;0&#8243; woodmart_gradient_switch=&#8220;no&#8220; row_reverse_mobile=&#8220;0&#8243; row_reverse_tablet=&#8220;0&#8243; woodmart_disable_overflow=&#8220;0&#8243; css=&#8220;.vc_custom_1583404219271{margin-bottom: -40px !important;padding-bottom: 20px !important;background: #374b4c url(https:\/\/verdeaurora.com\/wp-content\/uploads\/2020\/03\/Recurso-58.png?id=13192) !important;background-position: center !important;background-repeat: no-repeat !important;background-size: cover !important;}&#8220;][vc_column][vc_row_inner css=&#8220;.vc_custom_1576509290039{padding-top: 30px !important;padding-bottom: 30px !important;}&#8220; row_reverse_mobile=&#8220;0&#8243; row_reverse_tablet=&#8220;0&#8243;][vc_column_inner][vc_column_text woodmart_color_scheme=&#8220;light&#8220; text_larger=&#8220;no&#8220;]<\/p>\n<h3 style=\"text-align: center;\"><b>Ben\u00f6tigen Sie weitere Informationen?<\/b><\/h3>\n<p>[\/vc_column_text]<div id=\"wd-5e7205945fa49\" class=\" wd-rs-5e7205945fa49  wd-button-wrapper text-center\"><a href=\"https:\/\/verdeaurora.com\/v2\/contacto\/\" title=\"Kontakt\" class=\"btn btn-color-white btn-style-bordered btn-shape-rectangle btn-size-default\">Kontakt<\/a><\/div>[\/vc_column_inner][\/vc_row_inner][\/vc_column][\/vc_row]<\/p>\n<\/div>","protected":false},"excerpt":{"rendered":"<p>[vc_row full_width=&#8220;stretch_row&#8220; css=&#8220;.vc_custom_1583670058963{margin-top: -50px !important;padding-top: 40px !important;padding-bottom: 40px !important;background-position: center !important;background-repeat: no-repeat !important;background-size: cover !important;}&#8220; mobile_bg_img_hidden=&#8220;no&#8220; tablet_bg_img_hidden=&#8220;no&#8220; woodmart_parallax=&#8220;0&#8243; woodmart_gradient_switch=&#8220;no&#8220; row_reverse_mobile=&#8220;0&#8243;<\/p>\n","protected":false},"author":6431,"featured_media":0,"parent":0,"menu_order":0,"comment_status":"closed","ping_status":"closed","template":"","meta":{"footnotes":""},"class_list":["post-26595","page","type-page","status-publish","hentry"],"_links":{"self":[{"href":"https:\/\/verdeaurora.com\/de\/wp-json\/wp\/v2\/pages\/26595","targetHints":{"allow":["GET"]}}],"collection":[{"href":"https:\/\/verdeaurora.com\/de\/wp-json\/wp\/v2\/pages"}],"about":[{"href":"https:\/\/verdeaurora.com\/de\/wp-json\/wp\/v2\/types\/page"}],"author":[{"embeddable":true,"href":"https:\/\/verdeaurora.com\/de\/wp-json\/wp\/v2\/users\/6431"}],"replies":[{"embeddable":true,"href":"https:\/\/verdeaurora.com\/de\/wp-json\/wp\/v2\/comments?post=26595"}],"version-history":[{"count":0,"href":"https:\/\/verdeaurora.com\/de\/wp-json\/wp\/v2\/pages\/26595\/revisions"}],"wp:attachment":[{"href":"https:\/\/verdeaurora.com\/de\/wp-json\/wp\/v2\/media?parent=26595"}],"curies":[{"name":"wp","href":"https:\/\/api.w.org\/{rel}","templated":true}]}}