{"id":13444,"date":"2020-02-29T14:28:14","date_gmt":"2020-02-29T14:28:14","guid":{"rendered":"https:\/\/verdeaurora.com\/v2\/product\/110-naturlichem-krauterol-mit-aloe-vera-olivenol\/"},"modified":"2026-05-02T19:49:16","modified_gmt":"2026-05-02T19:49:16","slug":"110-naturlichem-krauterol-mit-aloe-vera-olivenol","status":"publish","type":"product","link":"https:\/\/verdeaurora.com\/de\/produkt\/110-naturlichem-krauterol-mit-aloe-vera-olivenol\/","title":{"rendered":"110 nat\u00fcrlichem Kr\u00e4uter\u00f6l mit Aloe Vera &#038; Oliven\u00f6l"},"content":{"rendered":"<h4><span class=\"title\">Beschreibung<\/span><\/h4>\n<p>Dieses hoch konzentrierte \u00d6l kann in verschiedenen Situationen genutzt werden, z. B. wirkt es muskelentspannend, es ist ideal zum Auftragen vor dem Massieren des Bereichs. Bei vorheriger Auftragung ziehen die Wirkstoffe in die Haut ein und wirken von innen her. Au\u00dferdem kann dieses wunderbare \u00d6l unter anderem auch als Mundwasser zur Heilung von Verletzungen jeder Art in der Mundh\u00f6hle genutzt werden.<\/p>\n<h4>Applications<\/h4>\n<p>&#8211; Entz\u00fcndungshemmend<br \/>\n&#8211; Muskelspannungen<br \/>\n&#8211; Halswirbel<br \/>\n&#8211; Schl\u00e4ge<br \/>\n&#8211; Insektenstiche<br \/>\n&#8211; Kopfschmerzen<br \/>\n&#8211; Mundwasser<br \/>\n&#8211; Verletzungen in der Mundh\u00f6hle<br \/>\n&#8211; M\u00fcckenschutz<br \/>\n&#8211; Duftspender<br \/>\n&#8211; Entspannende B\u00e4der<\/p>\n<h4>Zutaten<\/h4>\n<p>Propylene Glycol, Olea Europea Fruit Extract*, Triticum Vulgare G e r m O i l , A l o e Barbadensis Leaf Extract*, Rosmarinus Officinalis Leaf Extract*, Lavandula Angustifolia Extract*, Citrus Aurantium Dulcis Peel Extract*, Citrus Medica Limonum Peel E x t r a c t * , S a l v i a Officinalis Leaf Extract*, Myrtus Communis Leaf E x t r a c t * , E u c a l y p t u s Globulus Leaf Oil, Mentha<br \/>\nA r v e n s i s L e a f O i l , Cinnamomum Camphora Bark Oil, Pinus Sylvestris Leaf Oil, Cymbopogon Nardus Oil, Melissa Officinalis Extract, Thymus Vulgaris E x t r a c t , C u p r e s s u s Sempervirens Extract, Betula Alba Leaf Extract, Juniperus C o m m u n i s E x t r a c t , H y p e r i c u m Pe r f o r a t u m Extract, Achillea Millefolium Extract, Helichrysum Italicum Extract, Chamomilla Recutita<br \/>\nFlower Extract, Calendula Officinalis Flower Extract, Aesculus Hippocastanum Fruit Extract, Centella Asiatica Extract, Vaccinium Myrtillus<br \/>\nExtract, Hedera Helix Leaf Extract, Ruscus Aculeatus E x t r a c t , P a r f u m , Cinnamomum Zeylanicum Oil, d-Limonene, Linalool, Amyl Cinnamal, Cinnamal, Eugenol, Geraniol.<\/p>\n","protected":false},"excerpt":{"rendered":"<p>Hochkonzentriert und mit vielf\u00e4ltigen Anwendungen. Muskelrelaxans, bei Kontrakturen, Beulen, Insektenstichen und vielen anderen Situationen.<br \/>\nEin unentbehrliches, nat\u00fcrliches Produkt f\u00fcr den t\u00e4glichen Gebrauch durch die ganze Familie.<\/p>\n<ul>\n<li>100 ml.<\/li>\n<\/ul>\n","protected":false},"featured_media":27168,"comment_status":"open","ping_status":"closed","template":"","meta":[],"product_brand":[],"product_cat":[1011],"product_tag":[],"class_list":{"0":"post-13444","1":"product","2":"type-product","3":"status-publish","4":"has-post-thumbnail","6":"product_cat-aloe-vera-wohlfahrt","8":"first","9":"instock","10":"taxable","11":"shipping-taxable","12":"purchasable","13":"product-type-simple"},"_links":{"self":[{"href":"https:\/\/verdeaurora.com\/de\/wp-json\/wp\/v2\/product\/13444","targetHints":{"allow":["GET"]}}],"collection":[{"href":"https:\/\/verdeaurora.com\/de\/wp-json\/wp\/v2\/product"}],"about":[{"href":"https:\/\/verdeaurora.com\/de\/wp-json\/wp\/v2\/types\/product"}],"replies":[{"embeddable":true,"href":"https:\/\/verdeaurora.com\/de\/wp-json\/wp\/v2\/comments?post=13444"}],"wp:featuredmedia":[{"embeddable":true,"href":"https:\/\/verdeaurora.com\/de\/wp-json\/wp\/v2\/media\/27168"}],"wp:attachment":[{"href":"https:\/\/verdeaurora.com\/de\/wp-json\/wp\/v2\/media?parent=13444"}],"wp:term":[{"taxonomy":"product_brand","embeddable":true,"href":"https:\/\/verdeaurora.com\/de\/wp-json\/wp\/v2\/product_brand?post=13444"},{"taxonomy":"product_cat","embeddable":true,"href":"https:\/\/verdeaurora.com\/de\/wp-json\/wp\/v2\/product_cat?post=13444"},{"taxonomy":"product_tag","embeddable":true,"href":"https:\/\/verdeaurora.com\/de\/wp-json\/wp\/v2\/product_tag?post=13444"}],"curies":[{"name":"wp","href":"https:\/\/api.w.org\/{rel}","templated":true}]}}