{"id":13468,"date":"2020-02-29T14:28:13","date_gmt":"2020-02-29T14:28:13","guid":{"rendered":"https:\/\/verdeaurora.com\/v2\/product\/lippenbalsamstift-aloe-vera-olive-oil\/"},"modified":"2026-05-02T19:49:15","modified_gmt":"2026-05-02T19:49:15","slug":"lippenbalsamstift-aloe-vera-olive-oil","status":"publish","type":"product","link":"https:\/\/verdeaurora.com\/de\/produkt\/lippenbalsamstift-aloe-vera-olive-oil\/","title":{"rendered":"Lippenbalsamstift mit Aloe Vera &#038; Oliven\u00f6l"},"content":{"rendered":"<h4><span class=\"title\">Beschreibung<\/span><\/h4>\n<p>Der Stift h\u00e4lt die Lippen gepflegt, hydriert und geschmeidig, in einem guten Farbton, denn er sch\u00fctzt die Lippen bei extrem hohen oder niedrigen Temperaturen und pflegt sie damit lange Zeit.<br \/>\nEin guter Tipp ist, ihn als Grundlage f\u00fcr den Lippenstift zu nutzen, denn er bindet die Farbe l\u00e4nger und sch\u00fctzt die Lippen vor den chemischen Produkten der Lippenstifte.<\/p>\n<h4>Anwendungen<\/h4>\n<p>&#8211; sch\u00fctzend<br \/>\n&#8211; feuchtigkeitsspendend<br \/>\n&#8211; gegen spr\u00f6de Lippen<br \/>\n&#8211; L\u00f6sung f\u00fcr eingerissene Lippen<br \/>\n&#8211; Anti-aging-Effekt<\/p>\n<h4>Bestandteile<\/h4>\n<p>Ohne Paraffin, nur mit nat\u00fcrlichen Produkten wie Propolis und Bio-Sheabutter sowie nat\u00fcrlicher Hyalurons\u00e4ure.<\/p>\n<h4>Zutaten<\/h4>\n<p>Ricinus Communis, Candellila cera, Cetyl Ricinoleate, Ozokerite, Cera Alba, Butyrospermum Parkii butter*, Isopropyl myristate, Cera Microcristallina, Aloe Barbadensis leaf extract*, Olea Europea fruit extract*, Sodium Hyaluronate, Propylene Glycol,Propolis, Hydrogenated lanolin, Tocopheryl Acetate, Parfum, Chlorophylin Copper Complex, Helianthus Annuus Seed Oil, Amyl Cinnamal, Geraniol, Hexyl Cinnamal, Limonene, Linalool.<\/p>\n","protected":false},"excerpt":{"rendered":"<p>Vorsichtige und saftige Lippen dank Aloe Vera und BIO Oliven\u00f6l, das sie sowohl bei kalten als auch bei warmen Temperaturen sch\u00fctzt. Seine Verbindung mit Propolis und nat\u00fcrlicher Hyalurons\u00e4ure und Sheabutter Bio sorgt daf\u00fcr, dass die Pflege der Lippen im Laufe der Zeit anh\u00e4lt. Ohne Paraffin.<\/p>\n","protected":false},"featured_media":27244,"comment_status":"open","ping_status":"closed","template":"","meta":[],"product_brand":[],"product_cat":[1014],"product_tag":[],"class_list":{"0":"post-13468","1":"product","2":"type-product","3":"status-publish","4":"has-post-thumbnail","6":"product_cat-aloe-vera-corp","8":"first","9":"instock","10":"taxable","11":"shipping-taxable","12":"purchasable","13":"product-type-simple"},"_links":{"self":[{"href":"https:\/\/verdeaurora.com\/de\/wp-json\/wp\/v2\/product\/13468","targetHints":{"allow":["GET"]}}],"collection":[{"href":"https:\/\/verdeaurora.com\/de\/wp-json\/wp\/v2\/product"}],"about":[{"href":"https:\/\/verdeaurora.com\/de\/wp-json\/wp\/v2\/types\/product"}],"replies":[{"embeddable":true,"href":"https:\/\/verdeaurora.com\/de\/wp-json\/wp\/v2\/comments?post=13468"}],"wp:featuredmedia":[{"embeddable":true,"href":"https:\/\/verdeaurora.com\/de\/wp-json\/wp\/v2\/media\/27244"}],"wp:attachment":[{"href":"https:\/\/verdeaurora.com\/de\/wp-json\/wp\/v2\/media?parent=13468"}],"wp:term":[{"taxonomy":"product_brand","embeddable":true,"href":"https:\/\/verdeaurora.com\/de\/wp-json\/wp\/v2\/product_brand?post=13468"},{"taxonomy":"product_cat","embeddable":true,"href":"https:\/\/verdeaurora.com\/de\/wp-json\/wp\/v2\/product_cat?post=13468"},{"taxonomy":"product_tag","embeddable":true,"href":"https:\/\/verdeaurora.com\/de\/wp-json\/wp\/v2\/product_tag?post=13468"}],"curies":[{"name":"wp","href":"https:\/\/api.w.org\/{rel}","templated":true}]}}