{"id":13714,"date":"2020-03-27T11:57:22","date_gmt":"2020-03-27T11:57:22","guid":{"rendered":"https:\/\/verdeaurora.com\/v2\/sustainable-tourism\/"},"modified":"2022-10-21T15:45:33","modified_gmt":"2022-10-21T15:45:33","slug":"sustainable-tourism","status":"publish","type":"page","link":"https:\/\/verdeaurora.com\/en\/sustainable-tourism\/","title":{"rendered":"Sustainable Tourism"},"content":{"rendered":"<div class=\"wpb-content-wrapper\"><p>[vc_row css=&#8221;.vc_custom_1583323344336{margin-top: -50px !important;}&#8221; mobile_bg_img_hidden=&#8221;no&#8221; tablet_bg_img_hidden=&#8221;no&#8221; woodmart_parallax=&#8221;0&#8243; woodmart_gradient_switch=&#8221;no&#8221; row_reverse_mobile=&#8221;0&#8243; row_reverse_tablet=&#8221;0&#8243; woodmart_disable_overflow=&#8221;0&#8243;][vc_column][rev_slider slidertitle=&#8221;Alojamientos&#8221; alias=&#8221;home-1&#8243;][\/vc_column][\/vc_row][vc_row css=&#8221;.vc_custom_1583408251969{margin-top: 30px !important;}&#8221; mobile_bg_img_hidden=&#8221;no&#8221; tablet_bg_img_hidden=&#8221;no&#8221; woodmart_parallax=&#8221;0&#8243; woodmart_gradient_switch=&#8221;no&#8221; row_reverse_mobile=&#8221;0&#8243; row_reverse_tablet=&#8221;0&#8243; woodmart_disable_overflow=&#8221;0&#8243;][vc_column mobile_bg_img_hidden=&#8221;no&#8221; tablet_bg_img_hidden=&#8221;no&#8221; woodmart_parallax=&#8221;0&#8243; woodmart_sticky_column=&#8221;false&#8221; parallax_scroll=&#8221;no&#8221; mobile_reset_margin=&#8221;no&#8221; tablet_reset_margin=&#8221;no&#8221;][vc_row_inner css=&#8221;.vc_custom_1582809275292{margin-bottom: 40px !important;}&#8221; row_reverse_mobile=&#8221;0&#8243; row_reverse_tablet=&#8221;0&#8243;][vc_column_inner]\n\t\t<div id=\"wd-5e8ee035d7656\" class=\"title-wrapper wd-wpb wd-set-mb reset-last-child  wd-rs-5e8ee035d7656 wd-title-color-default wd-title-style-default text-center vc_custom_1586421821246 wd-underline-colored\">\n\t\t\t\t\t\t\t\n\t\t\t\t<div class=\"title-subtitle  subtitle-color-default font-alt subtitle-style-default wd-font-weight-600 wd-fontsize-xs\">Connect<\/div>\n\t\t\t\n\t\t\t<div class=\"liner-continer\">\n\t\t\t\t<h1 class=\"woodmart-title-container title  wd-font-weight-100 wd-fontsize-xl\" >SUSTAINABLE TOURISM<\/h1>\n\t\t\t\t\t\t\t<\/div>\n\t\t\t\n\t\t\t\n\t\t\t\n\t\t<\/div>\n\t\t\n\t\t[\/vc_column_inner][\/vc_row_inner][\/vc_column][\/vc_row][vc_row disable_element=&#8221;yes&#8221; woodmart_css_id=&#8221;627294713e824&#8243; responsive_spacing=&#8221;&#8221; mobile_bg_img_hidden=&#8221;no&#8221; tablet_bg_img_hidden=&#8221;no&#8221; woodmart_parallax=&#8221;0&#8243; woodmart_gradient_switch=&#8221;no&#8221; woodmart_box_shadow=&#8221;no&#8221; wd_z_index=&#8221;no&#8221; woodmart_disable_overflow=&#8221;0&#8243; row_reverse_mobile=&#8221;0&#8243; row_reverse_tablet=&#8221;0&#8243;][vc_column][vc_column_text woodmart_inline=&#8221;no&#8221; text_larger=&#8221;no&#8221;]<\/p>\n<div id=\"apartmentIframeAll\"><script type=\"text\/javascript\" src=\"https:\/\/login.smoobu.com\/js\/Settings\/BookingToolIframe.js\"><\/script><br \/>\n<script>BookingToolIframe.initialize({\"url\": \"https:\/\/login.smoobu.com\/es\/booking-tool\/iframe\/203531\", \"baseUrl\": \"https:\/\/login.smoobu.com\", \"target\": \"#apartmentIframeAll\"})<\/script><\/div>\n<p>[\/vc_column_text][\/vc_column][\/vc_row][vc_row full_width=&#8221;stretch_row&#8221; mobile_bg_img_hidden=&#8221;no&#8221; tablet_bg_img_hidden=&#8221;no&#8221; woodmart_parallax=&#8221;0&#8243; woodmart_gradient_switch=&#8221;no&#8221; row_reverse_mobile=&#8221;0&#8243; row_reverse_tablet=&#8221;0&#8243; woodmart_disable_overflow=&#8221;0&#8243; css=&#8221;.vc_custom_1583409640542{margin-top: 50px !important;padding-top: 30px !important;padding-bottom: 30px !important;background-color: rgba(96,96,96,0.15) !important;*background-color: rgb(96,96,96) !important;}&#8221;][vc_column width=&#8221;1\/2&#8243;][vc_single_image image=&#8221;13254&#8243; img_size=&#8221;full&#8221; parallax_scroll=&#8221;no&#8221;][\/vc_column][vc_column width=&#8221;1\/2&#8243; css=&#8221;.vc_custom_1582639298314{padding-top: 30px !important;padding-right: 30px !important;padding-bottom: 30px !important;padding-left: 30px !important;}&#8221; mobile_bg_img_hidden=&#8221;no&#8221; tablet_bg_img_hidden=&#8221;no&#8221; woodmart_parallax=&#8221;0&#8243; woodmart_sticky_column=&#8221;false&#8221; parallax_scroll=&#8221;no&#8221; mobile_reset_margin=&#8221;no&#8221; tablet_reset_margin=&#8221;no&#8221;]\n\t\t<div id=\"wd-5e60e988f0599\" class=\"title-wrapper wd-wpb wd-set-mb reset-last-child  wd-rs-5e60e988f0599 wd-title-color-default wd-title-style-default text-left vc_custom_1583409552661 wd-underline-colored\">\n\t\t\t\n\t\t\t<div class=\"liner-continer\">\n\t\t\t\t<h4 class=\"woodmart-title-container title  wd-font-weight-300 wd-fontsize-xl\" >ECOTOURISM<\/h4>\n\t\t\t\t\t\t\t<\/div>\n\t\t\t\n\t\t\t\n\t\t\t\n\t\t<\/div>\n\t\t\n\t\t[vc_column_text text_larger=&#8221;no&#8221;]<\/p>\n<p class=\"p1\">At Verdeaurora Bio Farm we seek to promote sustainable tourism, minimizing the environmental impact of our accommodations as much as possible.<\/p>\n<p>[\/vc_column_text]<div id=\"wd-5e8c8a4a33eeb\" class=\" wd-rs-5e8c8a4a33eeb  wd-button-wrapper text-center\"><a href=\"https:\/\/verdeaurora.com\/en\/about-us\/#accionessostenibles\" title=\"\" class=\"btn btn-color-primary btn-style-default btn-shape-rectangle btn-size-default btn-full-width\">Sustainability Project<\/a><\/div>[\/vc_column][\/vc_row][vc_row mobile_bg_img_hidden=&#8221;no&#8221; tablet_bg_img_hidden=&#8221;no&#8221; woodmart_parallax=&#8221;0&#8243; woodmart_gradient_switch=&#8221;no&#8221; row_reverse_mobile=&#8221;0&#8243; row_reverse_tablet=&#8221;0&#8243; woodmart_disable_overflow=&#8221;0&#8243; css=&#8221;.vc_custom_1583409840705{margin-bottom: 20px !important;}&#8221; el_id=&#8221;theheartoftheisland&#8221;][vc_column width=&#8221;1\/2&#8243;][vc_single_image image=&#8221;13237&#8243; img_size=&#8221;full&#8221; parallax_scroll=&#8221;no&#8221;][\/vc_column][vc_column width=&#8221;1\/2&#8243; css=&#8221;.vc_custom_1582639298314{padding-top: 30px !important;padding-right: 30px !important;padding-bottom: 30px !important;padding-left: 30px !important;}&#8221; mobile_bg_img_hidden=&#8221;no&#8221; tablet_bg_img_hidden=&#8221;no&#8221; woodmart_parallax=&#8221;0&#8243; woodmart_sticky_column=&#8221;false&#8221; parallax_scroll=&#8221;no&#8221; mobile_reset_margin=&#8221;no&#8221; tablet_reset_margin=&#8221;no&#8221;]\n\t\t<div id=\"wd-5e60e6587d4f0\" class=\"title-wrapper wd-wpb wd-set-mb reset-last-child  wd-rs-5e60e6587d4f0 wd-title-color-default wd-title-style-default text-left vc_custom_1583408737195 wd-underline-colored\">\n\t\t\t\n\t\t\t<div class=\"liner-continer\">\n\t\t\t\t<h4 class=\"woodmart-title-container title  wd-font-weight-300 wd-fontsize-xl\" >THE HEART OF THE ISLAND<\/h4>\n\t\t\t\t\t\t\t<\/div>\n\t\t\t\n\t\t\t\n\t\t\t\n\t\t<\/div>\n\t\t\n\t\t[vc_column_text text_larger=&#8221;no&#8221;]Tenicosquey is located in the heart of Fuerteventura, a natural and desert landscape in which nature is the only protagonist.<\/p>\n<p>Casa Pilar, Casa Aurora and Casa Tarabilla are located between Los Cuchillos de Vig\u00e1n and the Malpa\u00eds Grande Protected Area. The vegetation is sparse, the horizon covered by valleys and knife-like peaks.<\/p>\n<p>Located in the center of the Biosphere Reserve, these accommodations have a unique location where you can connect with the wildest and most unique landscape on the island.[\/vc_column_text]<div id=\"wd-5e8c8a00d0010\" class=\" wd-rs-5e8c8a00d0010  wd-button-wrapper text-center\"><a href=\"https:\/\/verdeaurora.com\/en\/sustainable-tourism\/rural-houses\/\" title=\"Accomodations\" class=\"btn btn-color-primary btn-style-default btn-shape-rectangle btn-size-default btn-full-width\">SEE ALL ACCOMMODATIONS<\/a><\/div>[\/vc_column][\/vc_row][vc_row mobile_bg_img_hidden=&#8221;no&#8221; tablet_bg_img_hidden=&#8221;no&#8221; woodmart_parallax=&#8221;0&#8243; woodmart_gradient_switch=&#8221;no&#8221; row_reverse_mobile=&#8221;0&#8243; row_reverse_tablet=&#8221;0&#8243; woodmart_disable_overflow=&#8221;0&#8243; css=&#8221;.vc_custom_1583408347450{margin-bottom: 35px !important;}&#8221;][vc_column width=&#8221;1\/2&#8243;][vc_single_image image=&#8221;13243&#8243; img_size=&#8221;full&#8221; parallax_scroll=&#8221;no&#8221;][\/vc_column][vc_column width=&#8221;1\/2&#8243; css=&#8221;.vc_custom_1582639298314{padding-top: 30px !important;padding-right: 30px !important;padding-bottom: 30px !important;padding-left: 30px !important;}&#8221; mobile_bg_img_hidden=&#8221;no&#8221; tablet_bg_img_hidden=&#8221;no&#8221; woodmart_parallax=&#8221;0&#8243; woodmart_sticky_column=&#8221;false&#8221; parallax_scroll=&#8221;no&#8221; mobile_reset_margin=&#8221;no&#8221; tablet_reset_margin=&#8221;no&#8221;]\n\t\t<div id=\"wd-5e60e4f0ee211\" class=\"title-wrapper wd-wpb wd-set-mb reset-last-child  wd-rs-5e60e4f0ee211 wd-title-color-default wd-title-style-default text-left  wd-underline-colored\">\n\t\t\t\n\t\t\t<div class=\"liner-continer\">\n\t\t\t\t<h4 class=\"woodmart-title-container title  wd-font-weight-300 wd-fontsize-xl\" >TO THE NORTH IN FRONT OF THE SEA<\/h4>\n\t\t\t\t\t\t\t<\/div>\n\t\t\t\n\t\t\t\n\t\t\t\n\t\t<\/div>\n\t\t\n\t\t[vc_column_text text_larger=&#8221;no&#8221;]<\/p>\n<p class=\"p1\">Located in La Oliva, is the town of El Cotillo. And there, seaside apartments.<\/p>\n<p class=\"p1\">Narrow streets with the traditional charm of fishing villages, dotted with curious and unexpected nooks. The local population mixes with travelers attracted by the beauty of the place, like sailors to the song of a mermaid.<\/p>\n<p class=\"p1\">Wake up greeting the Atlantic Ocean, say goodbye to another day with the company of a spectacular sunset.<\/p>\n<p>[\/vc_column_text]<div id=\"wd-5e8c8a0f22e8b\" class=\" wd-rs-5e8c8a0f22e8b  wd-button-wrapper text-center\"><a href=\"https:\/\/verdeaurora.com\/en\/sustainable-tourism\/rural-houses\/\" title=\"Accomodations\" class=\"btn btn-color-primary btn-style-default btn-shape-rectangle btn-size-default btn-full-width\">SEE ALL ACCOMMODATIONS<\/a><\/div>[\/vc_column][\/vc_row][vc_row mobile_bg_img_hidden=&#8221;no&#8221; tablet_bg_img_hidden=&#8221;no&#8221; woodmart_parallax=&#8221;0&#8243; woodmart_gradient_switch=&#8221;no&#8221; row_reverse_mobile=&#8221;0&#8243; row_reverse_tablet=&#8221;0&#8243; woodmart_disable_overflow=&#8221;0&#8243; css=&#8221;.vc_custom_1583408347450{margin-bottom: 35px !important;}&#8221;][vc_column width=&#8221;1\/2&#8243;][vc_single_image image=&#8221;13952&#8243; img_size=&#8221;full&#8221; parallax_scroll=&#8221;no&#8221;][\/vc_column][vc_column width=&#8221;1\/2&#8243; css=&#8221;.vc_custom_1582639298314{padding-top: 30px !important;padding-right: 30px !important;padding-bottom: 30px !important;padding-left: 30px !important;}&#8221; mobile_bg_img_hidden=&#8221;no&#8221; tablet_bg_img_hidden=&#8221;no&#8221; woodmart_parallax=&#8221;0&#8243; woodmart_sticky_column=&#8221;false&#8221; parallax_scroll=&#8221;no&#8221; mobile_reset_margin=&#8221;no&#8221; tablet_reset_margin=&#8221;no&#8221;]\n\t\t<div id=\"wd-5eb901cd2e92c\" class=\"title-wrapper wd-wpb wd-set-mb reset-last-child  wd-rs-5eb901cd2e92c wd-title-color-default wd-title-style-default text-left  wd-underline-colored\">\n\t\t\t\n\t\t\t<div class=\"liner-continer\">\n\t\t\t\t<h4 class=\"woodmart-title-container title  wd-font-weight-300 wd-fontsize-xl\" >BETWEEN THE SEA AND MOUNTAINS<\/h4>\n\t\t\t\t\t\t\t<\/div>\n\t\t\t\n\t\t\t\n\t\t\t\n\t\t<\/div>\n\t\t\n\t\t[vc_column_text text_larger=&#8221;no&#8221;]<\/p>\n<p class=\"p1\">A few kilometers from the wild beaches of El Cotillo, the magical mountain of Tindaya and Malpa\u00eds de la Mascona, symbols of the Fuerteventura Biosphere Reserve.<\/p>\n<p>Casa Tile is a traditional centenary Majorero house, which combines ancient architecture with modern comforts, making it especially comfortable. Several generations of the Mesa family have lived in it and now they want you to enjoy it as one of them.[\/vc_column_text]<div id=\"wd-5e8c8a0f22e8b\" class=\" wd-rs-5e8c8a0f22e8b  wd-button-wrapper text-center\"><a href=\"https:\/\/verdeaurora.com\/en\/sustainable-tourism\/rural-houses\/\" title=\"Accomodations\" class=\"btn btn-color-primary btn-style-default btn-shape-rectangle btn-size-default btn-full-width\">SEE ALL ACCOMMODATIONS<\/a><\/div>[\/vc_column][\/vc_row][vc_row disable_element=&#8221;yes&#8221; mobile_bg_img_hidden=&#8221;no&#8221; tablet_bg_img_hidden=&#8221;no&#8221; woodmart_parallax=&#8221;0&#8243; woodmart_gradient_switch=&#8221;no&#8221; row_reverse_mobile=&#8221;0&#8243; row_reverse_tablet=&#8221;0&#8243; woodmart_disable_overflow=&#8221;0&#8243;][vc_column mobile_bg_img_hidden=&#8221;no&#8221; tablet_bg_img_hidden=&#8221;no&#8221; woodmart_parallax=&#8221;0&#8243; woodmart_sticky_column=&#8221;false&#8221; parallax_scroll=&#8221;no&#8221; mobile_reset_margin=&#8221;no&#8221; tablet_reset_margin=&#8221;no&#8221;][vc_row_inner row_reverse_mobile=&#8221;0&#8243; row_reverse_tablet=&#8221;0&#8243; css=&#8221;.vc_custom_1584526567274{padding-bottom: 20px !important;}&#8221;][vc_column_inner]\n\t\t<div id=\"wd-5e60e6ab96772\" class=\"title-wrapper wd-wpb wd-set-mb reset-last-child  wd-rs-5e60e6ab96772 wd-title-color-default wd-title-style-default text-center vc_custom_1583408822247 wd-underline-colored\">\n\t\t\t\n\t\t\t<div class=\"liner-continer\">\n\t\t\t\t<h4 class=\"woodmart-title-container title  wd-font-weight-100 wd-fontsize-xl\" >CUSTOM MADE<\/h4>\n\t\t\t\t\t\t\t<\/div>\n\t\t\t\n\t\t\t\n\t\t\t\n\t\t<\/div>\n\t\t\n\t\t[\/vc_column_inner][\/vc_row_inner][vc_row_inner][vc_column_inner width=&#8221;1\/4&#8243; css=&#8221;.vc_custom_1584609628720{margin-bottom: 40px !important;}&#8221;][vc_icon icon_fontawesome=&#8221;fas fa-hiking&#8221; color=&#8221;custom&#8221; size=&#8221;xl&#8221; align=&#8221;center&#8221; custom_color=&#8221;#d1d1d1&#8243;]<div id=\"wd-5e71f59663928\" class=\" wd-rs-5e71f59663928  wd-button-wrapper text-center\"><a href=\"https:\/\/verdeaurora.com\/v2\/sustainable-tourism\/aventura-solitario\/\" title=\"\" class=\"btn btn-color-primary btn-style-default btn-shape-rectangle btn-size-default btn-full-width\">Solo adventure<\/a><\/div>[\/vc_column_inner][vc_column_inner width=&#8221;1\/4&#8243; css=&#8221;.vc_custom_1584609638399{margin-bottom: 40px !important;}&#8221;][vc_icon icon_fontawesome=&#8221;fas fa-heart&#8221; color=&#8221;custom&#8221; size=&#8221;xl&#8221; align=&#8221;center&#8221; custom_color=&#8221;#d1d1d1&#8243;]<div id=\"wd-5e71f5a6aa8d7\" class=\" wd-rs-5e71f5a6aa8d7  wd-button-wrapper text-center\"><a href=\"https:\/\/verdeaurora.com\/v2\/sustainable-tourism\/escapada-en-pareja\/\" title=\"Couple&#039;s getaway\" class=\"btn btn-color-primary btn-style-default btn-shape-rectangle btn-size-default btn-full-width\">Couple&#039;s getaway<\/a><\/div>[\/vc_column_inner][vc_column_inner width=&#8221;1\/4&#8243; css=&#8221;.vc_custom_1584609646813{margin-bottom: 40px !important;}&#8221;][vc_icon icon_fontawesome=&#8221;fas fa-plane-departure&#8221; color=&#8221;custom&#8221; size=&#8221;xl&#8221; align=&#8221;center&#8221; custom_color=&#8221;#d1d1d1&#8243;]<div id=\"wd-5e71f5bccbf0b\" class=\" wd-rs-5e71f5bccbf0b  wd-button-wrapper text-center\"><a href=\"https:\/\/verdeaurora.com\/v2\/sustainable-tourism\/familias-viajeras\/\" title=\"Traveling families\" class=\"btn btn-color-primary btn-style-default btn-shape-rectangle btn-size-default btn-full-width\">Traveling families<\/a><\/div>[\/vc_column_inner][vc_column_inner width=&#8221;1\/4&#8243;][vc_icon icon_fontawesome=&#8221;fas fa-user-friends&#8221; color=&#8221;custom&#8221; size=&#8221;xl&#8221; align=&#8221;center&#8221; custom_color=&#8221;#d1d1d1&#8243;]<div id=\"wd-5e71f5cbca210\" class=\" wd-rs-5e71f5cbca210  wd-button-wrapper text-center\"><a href=\"https:\/\/verdeaurora.com\/v2\/sustainable-tourism\/team-building\/\" title=\"Team Building\" class=\"btn btn-color-primary btn-style-default btn-shape-rectangle btn-size-default btn-full-width\">Team Building<\/a><\/div>[\/vc_column_inner][\/vc_row_inner][\/vc_column][\/vc_row][vc_row full_width=&#8221;stretch_row&#8221; mobile_bg_img_hidden=&#8221;no&#8221; tablet_bg_img_hidden=&#8221;no&#8221; woodmart_parallax=&#8221;0&#8243; woodmart_gradient_switch=&#8221;no&#8221; row_reverse_mobile=&#8221;0&#8243; row_reverse_tablet=&#8221;0&#8243; woodmart_disable_overflow=&#8221;0&#8243; css=&#8221;.vc_custom_1585574796679{margin-bottom: -40px !important;padding-top: 50px !important;padding-bottom: 50px !important;background-image: url(https:\/\/verdeaurora.com\/wp-content\/uploads\/2020\/03\/FEEDBACK-CLIENTES.png?id=13215) !important;background-position: center !important;background-repeat: no-repeat !important;background-size: cover !important;}&#8221;][vc_column][vc_column_text text_larger=&#8221;no&#8221;]<style data-type=\"vc_shortcodes-custom-css\">.vc_custom_1576509290039{padding-top: 30px !important;padding-bottom: 30px !important;}<\/style><div class=\"wpb-content-wrapper\">[vc_row][vc_column][vc_row_inner css=\".vc_custom_1576509290039{padding-top: 30px !important;padding-bottom: 30px !important;}\" row_reverse_mobile=\"0\" row_reverse_tablet=\"0\"][vc_column_inner]\t\t\t<div id=\"wd-6a0111bb25757\" class=\"testimonials testimon-style-standard color-scheme- wd-fontsize-m testimon-align-center  wd-carousel-container wd-carousel-dis-mb wd-off-md wd-off-sm\">\n\t\t\t\t\n\t\t\t\t\t\t\t\t\t<div class=\"wd-carousel-inner\">\n\t\t\t\t\t\t\t\t<div class=\" wd-carousel wd-grid\" data-speed=\"12000\" data-autoplay=\"yes\" data-scroll_per_page=\"yes\" style=\"--wd-col-lg:1;--wd-col-md:1;--wd-col-sm:1;--wd-gap-lg:30px;--wd-gap-sm:10px;\">\n\t\t\t\t\t\t\t\t\t\t\t<div class=\"wd-carousel-wrap\">\n\t\t\t\t\t\n\t\t\t\t\t\n<div class=\"testimonial  wd-carousel-item\">\n\t<div class=\"testimonial-inner\">\n\t\t\n\t\t<div class=\"testimonial-content\">\n\t\t\t<div class=\"testimonial-rating\">\n\t\t\t\t<span class=\"star-rating\">\n\t\t\t\t\t<span style=\"width:100%\"><\/span>\n\t\t\t\t<\/span>\n\t\t\t<\/div>\n\n\t\t\t<em>Han sido cuatro d\u00edas maravillosos llenos de emociones y grandes momentos. Abrir la puerta y ver el mar justo delante de ti es una maravilla. Apartamento sencillo pero muy agradable, una isla preciosa a la que volveremos\u2026<\/em>\r\n\r\n<em>Familia Fontenla Peralta<\/em>\n\t\t\t<footer>\n\t\t\t\t\n\t\t\t\t\t\t\t<\/footer>\n\t\t<\/div>\n\t<\/div>\n<\/div>\n<div class=\"testimonial  wd-carousel-item\">\n\t<div class=\"testimonial-inner\">\n\t\t\n\t\t<div class=\"testimonial-content\">\n\t\t\t<div class=\"testimonial-rating\">\n\t\t\t\t<span class=\"star-rating\">\n\t\t\t\t\t<span style=\"width:100%\"><\/span>\n\t\t\t\t<\/span>\n\t\t\t<\/div>\n\n\t\t\t<em>Seguro que si estas piedras contaran historias\u2026 todas ser\u00edan de gente feliz. \u00a1Y es que es esta casa es imposible no serlo! Todo est\u00e1 preparado con gusto y con amor para que disfrutemos, y seguir las recomendaciones de Cloti hace que tambi\u00e9n disfrutes de esta preciosa isla. Much\u00edsimas gracias por todo. Ha sido mi mejor cumplea\u00f1os. Y volveremos\u2026 seguro. Mil besos de dos godos enamorados de la isla.<\/em>\r\n\r\n<em>\u00c1lvaro y Marta<\/em>\n\t\t\t<footer>\n\t\t\t\t\n\t\t\t\t\t\t\t<\/footer>\n\t\t<\/div>\n\t<\/div>\n<\/div>\n<div class=\"testimonial  wd-carousel-item\">\n\t<div class=\"testimonial-inner\">\n\t\t\n\t\t<div class=\"testimonial-content\">\n\t\t\t<div class=\"testimonial-rating\">\n\t\t\t\t<span class=\"star-rating\">\n\t\t\t\t\t<span style=\"width:100%\"><\/span>\n\t\t\t\t<\/span>\n\t\t\t<\/div>\n\n\t\t\t<em>Estuvimos en Casa Pilar fue genial fuimos con el objetivo de relajarnos y lo conseguimos.<\/em>\r\n\r\n<em>Elizabeth<\/em>\n\t\t\t<footer>\n\t\t\t\t\n\t\t\t\t\t\t\t<\/footer>\n\t\t<\/div>\n\t<\/div>\n<\/div>\n<div class=\"testimonial  wd-carousel-item\">\n\t<div class=\"testimonial-inner\">\n\t\t\n\t\t<div class=\"testimonial-content\">\n\t\t\t<div class=\"testimonial-rating\">\n\t\t\t\t<span class=\"star-rating\">\n\t\t\t\t\t<span style=\"width:100%\"><\/span>\n\t\t\t\t<\/span>\n\t\t\t<\/div>\n\n\t\t\t<em>\u00c9ramos cuatro chicas que nos quedamos en Casa Aurora y lo pasamos muy bien. La casa es encantadora, privada, en el medio de la isla y para nosotras perfecto para explorarla.<\/em>\r\n\r\n<em>Evelina<\/em>\n\t\t\t<footer>\n\t\t\t\t\n\t\t\t\t\t\t\t<\/footer>\n\t\t<\/div>\n\t<\/div>\n<\/div>\n<div class=\"testimonial  wd-carousel-item\">\n\t<div class=\"testimonial-inner\">\n\t\t\n\t\t<div class=\"testimonial-content\">\n\t\t\t<div class=\"testimonial-rating\">\n\t\t\t\t<span class=\"star-rating\">\n\t\t\t\t\t<span style=\"width:100%\"><\/span>\n\t\t\t\t<\/span>\n\t\t\t<\/div>\n\n\t\t\t<em>Nuestra sensaci\u00f3n siempre es inmejorable. Por eso siempre volvemos. Nuestra \u00faltima estancia fue en Casa Aurora, pero tambi\u00e9n hemos tenido el placer de disfrutar de Casa Pilar.<\/em>\r\n\r\n<em>Lorea<\/em>\n\t\t\t<footer>\n\t\t\t\t\n\t\t\t\t\t\t\t<\/footer>\n\t\t<\/div>\n\t<\/div>\n<\/div>\n<div class=\"testimonial  wd-carousel-item\">\n\t<div class=\"testimonial-inner\">\n\t\t\n\t\t<div class=\"testimonial-content\">\n\t\t\t<div class=\"testimonial-rating\">\n\t\t\t\t<span class=\"star-rating\">\n\t\t\t\t\t<span style=\"width:100%\"><\/span>\n\t\t\t\t<\/span>\n\t\t\t<\/div>\n\n\t\t\t<em>Pocas casas rurales est\u00e1n puestas con el amor y el detalle que tiene Casa Tile \u00a1Gracias por vuestra generosidad! Ha sido un pl<\/em><em>acer<\/em><span style=\"color: #ffffff;\"><em> disfrutar de esta casa, y de esta preciosa y fascinante isla. \u00a1Seguro que volveremos!<\/em><\/span>\r\n\r\n<span style=\"color: #ffffff;\"><em>Familia Spelt<\/em><\/span>\n\t\t\t<footer>\n\t\t\t\t\n\t\t\t\t\t\t\t<\/footer>\n\t\t<\/div>\n\t<\/div>\n<\/div>\n\t\t\t\t\t\t\t\t\t\t\t<\/div>\n\t\t\t\t\t\t\t\t\t<\/div>\n\n\t\t\t\t\t\t\t\t\t\t\t\t\t\t\t\t\t<div class=\"wd-nav-arrows wd-pos-sep wd-hover-1 wd-icon-1\">\n\t\t\t<div class=\"wd-btn-arrow wd-prev wd-disabled\">\n\t\t\t\t<div class=\"wd-arrow-inner\"><\/div>\n\t\t\t<\/div>\n\t\t\t<div class=\"wd-btn-arrow wd-next\">\n\t\t\t\t<div class=\"wd-arrow-inner\"><\/div>\n\t\t\t<\/div>\n\t\t<\/div>\n\t\t\t\t\t\t\t\n\t\t\t\t\t<\/div>\n\n\t\t\t\t\t\t\t<div class=\"wd-nav-pagin-wrap text-center wd-style-shape wd-hide-md-sm wd-hide-sm\">\n\t\t\t<ul class=\"wd-nav-pagin\"><\/ul>\n\t\t<\/div>\n\t\t\t\t\t\t\t\t\t\t\t\t\t\t<\/div>\n\t\t[\/vc_column_inner][\/vc_row_inner][\/vc_column][\/vc_row]<\/div>[\/vc_column_text][\/vc_column][\/vc_row]<\/p>\n<\/div>","protected":false},"excerpt":{"rendered":"<p>[vc_row css=&#8221;.vc_custom_1583323344336{margin-top: -50px !important;}&#8221; mobile_bg_img_hidden=&#8221;no&#8221; tablet_bg_img_hidden=&#8221;no&#8221; woodmart_parallax=&#8221;0&#8243; woodmart_gradient_switch=&#8221;no&#8221; row_reverse_mobile=&#8221;0&#8243; row_reverse_tablet=&#8221;0&#8243; woodmart_disable_overflow=&#8221;0&#8243;][vc_column][rev_slider slidertitle=&#8221;Alojamientos&#8221; alias=&#8221;home-1&#8243;][\/vc_column][\/vc_row][vc_row css=&#8221;.vc_custom_1583408251969{margin-top: 30px !important;}&#8221; mobile_bg_img_hidden=&#8221;no&#8221; tablet_bg_img_hidden=&#8221;no&#8221; woodmart_parallax=&#8221;0&#8243; woodmart_gradient_switch=&#8221;no&#8221;<\/p>\n","protected":false},"author":6431,"featured_media":0,"parent":0,"menu_order":0,"comment_status":"closed","ping_status":"closed","template":"","meta":{"footnotes":""},"class_list":["post-13714","page","type-page","status-publish","hentry"],"_links":{"self":[{"href":"https:\/\/verdeaurora.com\/en\/wp-json\/wp\/v2\/pages\/13714","targetHints":{"allow":["GET"]}}],"collection":[{"href":"https:\/\/verdeaurora.com\/en\/wp-json\/wp\/v2\/pages"}],"about":[{"href":"https:\/\/verdeaurora.com\/en\/wp-json\/wp\/v2\/types\/page"}],"author":[{"embeddable":true,"href":"https:\/\/verdeaurora.com\/en\/wp-json\/wp\/v2\/users\/6431"}],"replies":[{"embeddable":true,"href":"https:\/\/verdeaurora.com\/en\/wp-json\/wp\/v2\/comments?post=13714"}],"version-history":[{"count":0,"href":"https:\/\/verdeaurora.com\/en\/wp-json\/wp\/v2\/pages\/13714\/revisions"}],"wp:attachment":[{"href":"https:\/\/verdeaurora.com\/en\/wp-json\/wp\/v2\/media?parent=13714"}],"curies":[{"name":"wp","href":"https:\/\/api.w.org\/{rel}","templated":true}]}}