{"id":13874,"date":"2020-04-04T12:43:34","date_gmt":"2020-04-04T12:43:34","guid":{"rendered":"https:\/\/verdeaurora.com\/v2\/sustainable-tourism\/team-building\/"},"modified":"2020-04-04T12:43:34","modified_gmt":"2020-04-04T12:43:34","slug":"team-building","status":"publish","type":"page","link":"https:\/\/verdeaurora.com\/en\/sustainable-tourism\/team-building\/","title":{"rendered":"Team Building"},"content":{"rendered":"<div class=\"wpb-content-wrapper\"><p>[vc_row full_width=&#8221;stretch_row&#8221; css=&#8221;.vc_custom_1582640398334{margin-top: -30px !important;padding-top: 30px !important;padding-bottom: 30px !important;background-color: #e8e8e8 !important;}&#8221; mobile_bg_img_hidden=&#8221;no&#8221; tablet_bg_img_hidden=&#8221;no&#8221; woodmart_parallax=&#8221;0&#8243; woodmart_gradient_switch=&#8221;no&#8221; row_reverse_mobile=&#8221;0&#8243; row_reverse_tablet=&#8221;0&#8243; woodmart_disable_overflow=&#8221;0&#8243;][vc_column]\n\t\t<div id=\"wd-5e64d2638af86\" class=\"title-wrapper wd-wpb wd-set-mb reset-last-child  wd-rs-5e64d2638af86 wd-title-color-default wd-title-style-default text-center  wd-underline-colored\">\n\t\t\t\t\t\t\t\n\t\t\t\t<div class=\"title-subtitle  subtitle-color-default font-alt subtitle-style-default wd-font-weight- wd-fontsize-xs\">Traveling is not reaching places opening a path<\/div>\n\t\t\t\n\t\t\t<div class=\"liner-continer\">\n\t\t\t\t<h4 class=\"woodmart-title-container title  wd-font-weight-100 wd-fontsize-m\" >Nelson Mochilero<\/h4>\n\t\t\t\t\t\t\t<\/div>\n\t\t\t\n\t\t\t\n\t\t\t\n\t\t<\/div>\n\t\t\n\t\t[\/vc_column][\/vc_row][vc_row css=&#8221;.vc_custom_1583609475970{margin-top: 40px !important;}&#8221; mobile_bg_img_hidden=&#8221;no&#8221; tablet_bg_img_hidden=&#8221;no&#8221; woodmart_parallax=&#8221;0&#8243; woodmart_gradient_switch=&#8221;no&#8221; row_reverse_mobile=&#8221;0&#8243; row_reverse_tablet=&#8221;0&#8243; woodmart_disable_overflow=&#8221;0&#8243;][vc_column mobile_bg_img_hidden=&#8221;no&#8221; tablet_bg_img_hidden=&#8221;no&#8221; woodmart_parallax=&#8221;0&#8243; woodmart_sticky_column=&#8221;false&#8221; parallax_scroll=&#8221;no&#8221; mobile_reset_margin=&#8221;no&#8221; tablet_reset_margin=&#8221;no&#8221;]\n\t\t<div id=\"wd-5e64d1a5e63be\" class=\"title-wrapper wd-wpb wd-set-mb reset-last-child  wd-rs-5e64d1a5e63be wd-title-color-default wd-title-style-default text-center vc_custom_1583665581772 wd-underline-colored\">\n\t\t\t\n\t\t\t<div class=\"liner-continer\">\n\t\t\t\t<h4 class=\"woodmart-title-container title  wd-font-weight-100 wd-fontsize-xl\" >TEAM BUILDING<\/h4>\n\t\t\t\t\t\t\t<\/div>\n\t\t\t\n\t\t\t\n\t\t\t\n\t\t<\/div>\n\t\t\n\t\t[vc_icon icon_fontawesome=&#8221;fas fa-user-friends&#8221; color=&#8221;custom&#8221; align=&#8221;center&#8221; custom_color=&#8221;#d1d1d1&#8243;][\/vc_column][\/vc_row][vc_row mobile_bg_img_hidden=&#8221;no&#8221; tablet_bg_img_hidden=&#8221;no&#8221; woodmart_parallax=&#8221;0&#8243; woodmart_gradient_switch=&#8221;no&#8221; row_reverse_mobile=&#8221;0&#8243; row_reverse_tablet=&#8221;0&#8243; woodmart_disable_overflow=&#8221;0&#8243; css=&#8221;.vc_custom_1582646811209{margin-bottom: 35px !important;}&#8221; el_id=&#8221;casatarabilla&#8221;][vc_column][vc_column_text text_larger=&#8221;no&#8221;]<style data-type=\"vc_shortcodes-custom-css\">.vc_custom_1583664061042{margin-bottom: 35px !important;}.vc_custom_1582639298314{padding-top: 30px !important;padding-right: 30px !important;padding-bottom: 30px !important;padding-left: 30px !important;}.vc_custom_1634287772772{background: #606060 url(https:\/\/verdeaurora.com\/wp-content\/uploads\/2020\/04\/piscina-tarabilla.jpg?id=14073) !important;background-position: center !important;background-repeat: no-repeat !important;background-size: cover !important;}.vc_custom_1634222881816{padding-right: 10px !important;padding-left: 10px !important;}#wd-6168430a40be8 .woodmart-title-container{line-height:51px ;}#wd-6168430a40be8 .title-subtitle{font-size:35px ;line-height:2px ;}<\/style><div class=\"wpb-content-wrapper\">[vc_row mobile_bg_img_hidden=\"no\" tablet_bg_img_hidden=\"no\" woodmart_parallax=\"0\" woodmart_gradient_switch=\"no\" row_reverse_mobile=\"0\" row_reverse_tablet=\"0\" woodmart_disable_overflow=\"0\" css=\".vc_custom_1583664061042{margin-bottom: 35px !important;}\" el_id=\"casatarabilla\"][vc_column width=\"1\/2\"][vc_hoverbox image=\"13294\" primary_title=\"\" hover_title=\"\" hover_title_font_container=\"font_size:28px|color:%23ffffff\" hover_title_use_theme_fonts=\"yes\" shape=\"square\" hover_background_color=\"custom\" use_custom_fonts_hover_title=\"true\" hover_custom_background=\"rgba(96,96,96,0.25)\" css=\".vc_custom_1634287772772{background: #606060 url(https:\/\/verdeaurora.com\/wp-content\/uploads\/2020\/04\/piscina-tarabilla.jpg?id=14073) !important;background-position: center !important;background-repeat: no-repeat !important;background-size: cover !important;}\"][\/vc_hoverbox][\/vc_column][vc_column width=\"1\/2\" css=\".vc_custom_1582639298314{padding-top: 30px !important;padding-right: 30px !important;padding-bottom: 30px !important;padding-left: 30px !important;}\" mobile_bg_img_hidden=\"no\" tablet_bg_img_hidden=\"no\" woodmart_parallax=\"0\" woodmart_sticky_column=\"false\" parallax_scroll=\"no\" mobile_reset_margin=\"no\" tablet_reset_margin=\"no\"]\n\t\t<div id=\"wd-6168430a40be8\" class=\"title-wrapper wd-wpb wd-set-mb reset-last-child  wd-rs-6168430a40be8 wd-title-color-default wd-title-style-default text-left vc_custom_1634222881816 wd-underline-colored\">\n\t\t\t\n\t\t\t<div class=\"liner-continer\">\n\t\t\t\t<h4 class=\"woodmart-title-container title  wd-font-weight-100 wd-fontsize-xl\" >TARABILLA HOUSE<\/h4>\n\t\t\t\t\t\t\t<\/div>\n\t\t\t\n\t\t\t\t\t\t\t<div class=\"title-after_title reset-last-child  wd-fontsize-s\">Ideal for small groups looking for peace and quiet without giving up all the comforts of a large family home. Perfect for combining an active holiday walking the island's trails, cycling along endless roads or surfing some of the best waves in the Atlantic. All with peaceful accommodation at Verdeaurora Bio Farm, where you can take a dip in the pool, do yoga, or just relax and enjoy a sunset.<\/div>\n\t\t\t\n\t\t\t\n\t\t<\/div>\n\t\t\n\t\t<div id=\"wd-616940821c15a\" class=\" wd-rs-616940821c15a  wd-button-wrapper text-center\"><a href=\"https:\/\/www.momentorural.com\/en\/apartment\/CasaTarabilla\/905029\" title=\"\" target=\"_blank\" class=\"btn btn-color-primary btn-style-default btn-shape-rectangle btn-size-default btn-full-width\" rel=\"noopener\">Book this house<\/a><\/div>[\/vc_column][\/vc_row]<\/div>[\/vc_column_text][\/vc_column][\/vc_row][vc_row full_width=&#8221;stretch_row&#8221; mobile_bg_img_hidden=&#8221;no&#8221; tablet_bg_img_hidden=&#8221;no&#8221; woodmart_parallax=&#8221;0&#8243; woodmart_gradient_switch=&#8221;no&#8221; row_reverse_mobile=&#8221;0&#8243; row_reverse_tablet=&#8221;0&#8243; woodmart_disable_overflow=&#8221;0&#8243; css=&#8221;.vc_custom_1585574703778{margin-bottom: -40px !important;padding-top: 50px !important;padding-bottom: 50px !important;background-image: url(https:\/\/verdeaurora.com\/wp-content\/uploads\/2020\/03\/FEEDBACK-CLIENTES.png?id=13215) !important;background-position: center !important;background-repeat: no-repeat !important;background-size: cover !important;}&#8221;][vc_column][vc_column_text text_larger=&#8221;no&#8221;]<style data-type=\"vc_shortcodes-custom-css\">.vc_custom_1576509290039{padding-top: 30px !important;padding-bottom: 30px !important;}<\/style><div class=\"wpb-content-wrapper\">[vc_row][vc_column][vc_row_inner css=\".vc_custom_1576509290039{padding-top: 30px !important;padding-bottom: 30px !important;}\" row_reverse_mobile=\"0\" row_reverse_tablet=\"0\"][vc_column_inner]\t\t\t<div id=\"wd-6a0139aa9ec47\" class=\"testimonials testimon-style-standard color-scheme- wd-fontsize-m testimon-align-center  wd-carousel-container wd-carousel-dis-mb wd-off-md wd-off-sm\">\n\t\t\t\t\n\t\t\t\t\t\t\t\t\t<div class=\"wd-carousel-inner\">\n\t\t\t\t\t\t\t\t<div class=\" wd-carousel wd-grid\" data-speed=\"12000\" data-autoplay=\"yes\" data-scroll_per_page=\"yes\" style=\"--wd-col-lg:1;--wd-col-md:1;--wd-col-sm:1;--wd-gap-lg:30px;--wd-gap-sm:10px;\">\n\t\t\t\t\t\t\t\t\t\t\t<div class=\"wd-carousel-wrap\">\n\t\t\t\t\t\n\t\t\t\t\t\n<div class=\"testimonial  wd-carousel-item\">\n\t<div class=\"testimonial-inner\">\n\t\t\n\t\t<div class=\"testimonial-content\">\n\t\t\t<div class=\"testimonial-rating\">\n\t\t\t\t<span class=\"star-rating\">\n\t\t\t\t\t<span style=\"width:100%\"><\/span>\n\t\t\t\t<\/span>\n\t\t\t<\/div>\n\n\t\t\t<em>Han sido cuatro d\u00edas maravillosos llenos de emociones y grandes momentos. Abrir la puerta y ver el mar justo delante de ti es una maravilla. Apartamento sencillo pero muy agradable, una isla preciosa a la que volveremos\u2026<\/em>\r\n\r\n<em>Familia Fontenla Peralta<\/em>\n\t\t\t<footer>\n\t\t\t\t\n\t\t\t\t\t\t\t<\/footer>\n\t\t<\/div>\n\t<\/div>\n<\/div>\n<div class=\"testimonial  wd-carousel-item\">\n\t<div class=\"testimonial-inner\">\n\t\t\n\t\t<div class=\"testimonial-content\">\n\t\t\t<div class=\"testimonial-rating\">\n\t\t\t\t<span class=\"star-rating\">\n\t\t\t\t\t<span style=\"width:100%\"><\/span>\n\t\t\t\t<\/span>\n\t\t\t<\/div>\n\n\t\t\t<em>Seguro que si estas piedras contaran historias\u2026 todas ser\u00edan de gente feliz. \u00a1Y es que es esta casa es imposible no serlo! Todo est\u00e1 preparado con gusto y con amor para que disfrutemos, y seguir las recomendaciones de Cloti hace que tambi\u00e9n disfrutes de esta preciosa isla. Much\u00edsimas gracias por todo. Ha sido mi mejor cumplea\u00f1os. Y volveremos\u2026 seguro. Mil besos de dos godos enamorados de la isla.<\/em>\r\n\r\n<em>\u00c1lvaro y Marta<\/em>\n\t\t\t<footer>\n\t\t\t\t\n\t\t\t\t\t\t\t<\/footer>\n\t\t<\/div>\n\t<\/div>\n<\/div>\n<div class=\"testimonial  wd-carousel-item\">\n\t<div class=\"testimonial-inner\">\n\t\t\n\t\t<div class=\"testimonial-content\">\n\t\t\t<div class=\"testimonial-rating\">\n\t\t\t\t<span class=\"star-rating\">\n\t\t\t\t\t<span style=\"width:100%\"><\/span>\n\t\t\t\t<\/span>\n\t\t\t<\/div>\n\n\t\t\t<em>Estuvimos en Casa Pilar fue genial fuimos con el objetivo de relajarnos y lo conseguimos.<\/em>\r\n\r\n<em>Elizabeth<\/em>\n\t\t\t<footer>\n\t\t\t\t\n\t\t\t\t\t\t\t<\/footer>\n\t\t<\/div>\n\t<\/div>\n<\/div>\n<div class=\"testimonial  wd-carousel-item\">\n\t<div class=\"testimonial-inner\">\n\t\t\n\t\t<div class=\"testimonial-content\">\n\t\t\t<div class=\"testimonial-rating\">\n\t\t\t\t<span class=\"star-rating\">\n\t\t\t\t\t<span style=\"width:100%\"><\/span>\n\t\t\t\t<\/span>\n\t\t\t<\/div>\n\n\t\t\t<em>\u00c9ramos cuatro chicas que nos quedamos en Casa Aurora y lo pasamos muy bien. La casa es encantadora, privada, en el medio de la isla y para nosotras perfecto para explorarla.<\/em>\r\n\r\n<em>Evelina<\/em>\n\t\t\t<footer>\n\t\t\t\t\n\t\t\t\t\t\t\t<\/footer>\n\t\t<\/div>\n\t<\/div>\n<\/div>\n<div class=\"testimonial  wd-carousel-item\">\n\t<div class=\"testimonial-inner\">\n\t\t\n\t\t<div class=\"testimonial-content\">\n\t\t\t<div class=\"testimonial-rating\">\n\t\t\t\t<span class=\"star-rating\">\n\t\t\t\t\t<span style=\"width:100%\"><\/span>\n\t\t\t\t<\/span>\n\t\t\t<\/div>\n\n\t\t\t<em>Nuestra sensaci\u00f3n siempre es inmejorable. Por eso siempre volvemos. Nuestra \u00faltima estancia fue en Casa Aurora, pero tambi\u00e9n hemos tenido el placer de disfrutar de Casa Pilar.<\/em>\r\n\r\n<em>Lorea<\/em>\n\t\t\t<footer>\n\t\t\t\t\n\t\t\t\t\t\t\t<\/footer>\n\t\t<\/div>\n\t<\/div>\n<\/div>\n<div class=\"testimonial  wd-carousel-item\">\n\t<div class=\"testimonial-inner\">\n\t\t\n\t\t<div class=\"testimonial-content\">\n\t\t\t<div class=\"testimonial-rating\">\n\t\t\t\t<span class=\"star-rating\">\n\t\t\t\t\t<span style=\"width:100%\"><\/span>\n\t\t\t\t<\/span>\n\t\t\t<\/div>\n\n\t\t\t<em>Pocas casas rurales est\u00e1n puestas con el amor y el detalle que tiene Casa Tile \u00a1Gracias por vuestra generosidad! Ha sido un pl<\/em><em>acer<\/em><span style=\"color: #ffffff;\"><em> disfrutar de esta casa, y de esta preciosa y fascinante isla. \u00a1Seguro que volveremos!<\/em><\/span>\r\n\r\n<span style=\"color: #ffffff;\"><em>Familia Spelt<\/em><\/span>\n\t\t\t<footer>\n\t\t\t\t\n\t\t\t\t\t\t\t<\/footer>\n\t\t<\/div>\n\t<\/div>\n<\/div>\n\t\t\t\t\t\t\t\t\t\t\t<\/div>\n\t\t\t\t\t\t\t\t\t<\/div>\n\n\t\t\t\t\t\t\t\t\t\t\t\t\t\t\t\t\t<div class=\"wd-nav-arrows wd-pos-sep wd-hover-1 wd-icon-1\">\n\t\t\t<div class=\"wd-btn-arrow wd-prev wd-disabled\">\n\t\t\t\t<div class=\"wd-arrow-inner\"><\/div>\n\t\t\t<\/div>\n\t\t\t<div class=\"wd-btn-arrow wd-next\">\n\t\t\t\t<div class=\"wd-arrow-inner\"><\/div>\n\t\t\t<\/div>\n\t\t<\/div>\n\t\t\t\t\t\t\t\n\t\t\t\t\t<\/div>\n\n\t\t\t\t\t\t\t<div class=\"wd-nav-pagin-wrap text-center wd-style-shape wd-hide-md-sm wd-hide-sm\">\n\t\t\t<ul class=\"wd-nav-pagin\"><\/ul>\n\t\t<\/div>\n\t\t\t\t\t\t\t\t\t\t\t\t\t\t<\/div>\n\t\t[\/vc_column_inner][\/vc_row_inner][\/vc_column][\/vc_row]<\/div>[\/vc_column_text][\/vc_column][\/vc_row]<\/p>\n<\/div>","protected":false},"excerpt":{"rendered":"<p>[vc_row full_width=&#8221;stretch_row&#8221; css=&#8221;.vc_custom_1582640398334{margin-top: -30px !important;padding-top: 30px !important;padding-bottom: 30px !important;background-color: #e8e8e8 !important;}&#8221; mobile_bg_img_hidden=&#8221;no&#8221; tablet_bg_img_hidden=&#8221;no&#8221; woodmart_parallax=&#8221;0&#8243; woodmart_gradient_switch=&#8221;no&#8221; row_reverse_mobile=&#8221;0&#8243; row_reverse_tablet=&#8221;0&#8243; woodmart_disable_overflow=&#8221;0&#8243;][vc_column][\/vc_column][\/vc_row][vc_row css=&#8221;.vc_custom_1583609475970{margin-top: 40px<\/p>\n","protected":false},"author":6431,"featured_media":0,"parent":13714,"menu_order":0,"comment_status":"closed","ping_status":"closed","template":"","meta":{"footnotes":""},"class_list":["post-13874","page","type-page","status-publish","hentry"],"_links":{"self":[{"href":"https:\/\/verdeaurora.com\/en\/wp-json\/wp\/v2\/pages\/13874","targetHints":{"allow":["GET"]}}],"collection":[{"href":"https:\/\/verdeaurora.com\/en\/wp-json\/wp\/v2\/pages"}],"about":[{"href":"https:\/\/verdeaurora.com\/en\/wp-json\/wp\/v2\/types\/page"}],"author":[{"embeddable":true,"href":"https:\/\/verdeaurora.com\/en\/wp-json\/wp\/v2\/users\/6431"}],"replies":[{"embeddable":true,"href":"https:\/\/verdeaurora.com\/en\/wp-json\/wp\/v2\/comments?post=13874"}],"version-history":[{"count":0,"href":"https:\/\/verdeaurora.com\/en\/wp-json\/wp\/v2\/pages\/13874\/revisions"}],"up":[{"embeddable":true,"href":"https:\/\/verdeaurora.com\/en\/wp-json\/wp\/v2\/pages\/13714"}],"wp:attachment":[{"href":"https:\/\/verdeaurora.com\/en\/wp-json\/wp\/v2\/media?parent=13874"}],"curies":[{"name":"wp","href":"https:\/\/api.w.org\/{rel}","templated":true}]}}