{"id":26005,"date":"2023-08-17T10:32:43","date_gmt":"2023-08-17T10:32:43","guid":{"rendered":"https:\/\/verdeaurora.com\/plantez-votre-aloe\/"},"modified":"2023-08-17T10:32:44","modified_gmt":"2023-08-17T10:32:44","slug":"plantez-votre-aloe","status":"publish","type":"page","link":"https:\/\/verdeaurora.com\/fr\/plantez-votre-aloe\/","title":{"rendered":"Plantez votre Aloe ;"},"content":{"rendered":"<div class=\"wpb-content-wrapper\"><p>[vc_row full_width=\u00a0\u00bbstretch_row\u00a0\u00bb woodmart_bg_position=\u00a0\u00bbcenter-center\u00a0\u00bb woodmart_css_id=\u00a0\u00bb64b7e3baaedea\u00a0\u00bb mobile_bg_img_hidden=\u00a0\u00bbno\u00a0\u00bb tablet_bg_img_hidden=\u00a0\u00bbno\u00a0\u00bb woodmart_parallax=\u00a0\u00bb0&Prime; woodmart_gradient_switch=\u00a0\u00bbno\u00a0\u00bb woodmart_box_shadow=\u00a0\u00bbno\u00a0\u00bb wd_z_index=\u00a0\u00bbno\u00a0\u00bb woodmart_disable_overflow=\u00a0\u00bb0&Prime; row_reverse_mobile=\u00a0\u00bb0&Prime; row_reverse_tablet=\u00a0\u00bb0&Prime; css=\u00a0\u00bb.vc_custom_1689773124140{margin-top: -30px !important;padding-top: 150px !important;padding-bottom: 150px !important;background-image: url(https:\/\/verdeaurora.com\/wp-content\/uploads\/2023\/07\/plantar-aloe-vera-head.jpg?id=25812) !important;background-position: center !important;background-repeat: no-repeat !important;background-size: cover !important;}\u00a0\u00bb responsive_spacing=\u00a0\u00bbeyJwYXJhbV90eXBlIjoid29vZG1hcnRfcmVzcG9uc2l2ZV9zcGFjaW5nIiwic2VsZWN0b3JfaWQiOiI2NGI3ZTNiYWFlZGVhIiwic2hvcnRjb2RlIjoidmNfcm93IiwiZGF0YSI6eyJ0YWJsZXQiOnt9LCJtb2JpbGUiOnt9fX0=\u00a0\u00bb][vc_column]\n\t\t<div id=\"wd-64b7e4e535f35\" class=\"title-wrapper wd-wpb wd-set-mb reset-last-child  wd-rs-64b7e4e535f35 wd-title-color-white wd-title-style-default text-center title-raleway  wd-underline-colored\">\n\t\t\t\n\t\t\t<div class=\"liner-continer\">\n\t\t\t\t<h5 class=\"woodmart-title-container title  wd-font-weight- wd-fontsize-xxxl\" >Apprenez \u00e0 planter votre alo\u00e8s et \u00e0 fabriquer votre propre gel ;<\/h5>\n\t\t\t\t\t\t\t<\/div>\n\t\t\t\n\t\t\t\n\t\t\t\n\t\t<\/div>\n\t\t\n\t\t[\/vc_column][\/vc_row][vc_row][vc_column][vc_column_text woodmart_inline=\u00a0\u00bbno\u00a0\u00bb text_larger=\u00a0\u00bbno\u00a0\u00bb]<\/p>\n<h1>Plantez votre Aloe ; ;<\/h1>\n<h2 class=\"activity__title js-title\" data-track=\"activity-title\" data-test-id=\"activity-title\">Vivez une exp\u00e9rience locale authentique en profitant de diff\u00e9rentes activit\u00e9s interactives ;<\/h2>\n<p>L&rsquo;histoire familiale de l&rsquo;exploitation (3 g\u00e9n\u00e9rations depuis que mon grand-p\u00e8re Antonio a d\u00e9cid\u00e9 de l&rsquo;acheter pour y planter des tomates il y a plus de 50 ans), l&rsquo;environnement dans lequel nous nous trouvons (qui nous permet d&rsquo;expliquer l&rsquo;origine volcanique de l&rsquo;\u00eele ainsi que la zone de protection sp\u00e9ciale des oiseaux et de voir les esp\u00e8ces end\u00e9miques de l&rsquo;\u00eele pendant la visite) et bien s\u00fbr l&rsquo;engagement envers la nature, puisque l&rsquo;exploitation est 100 % biologique et certifi\u00e9e bio ;<\/p>\n<h2>Visite de la plantation d&rsquo;alo\u00e8s ;<\/h2>\n<p>Explication de la plante, de sa culture et de sa r\u00e9colte ; Nous vous apprendrons \u00e0 couper les feuilles pour le travail ult\u00e9rieur ;<\/p>\n<h2>D\u00e9corez votre pot ;<\/h2>\n<p>Dans l&rsquo;espace de travail, nous disposerons de diff\u00e9rents pots et de mat\u00e9riaux pr\u00eats \u00e0 \u00eatre d\u00e9cor\u00e9s, nous choisirons notre pot et le d\u00e9corerons ;<\/p>\n<h2>Visite du jardin d&rsquo;aloe vera et de l&rsquo;atelier ;<\/h2>\n<p>Profitant du fait que notre pot se dess\u00e8che, nous ferons une promenade dans notre jardin et nous ferons un atelier dans lequel nous apprendrons tout sur l&rsquo;aloe vera, ses propri\u00e9t\u00e9s, comment le travailler et faire notre propre gel ou cr\u00e8me \u00e0 la maison, etc. ;<\/p>\n<h2>Plantation d&rsquo;Aloe vera ;<\/h2>\n<p>Maintenant que notre pot est sec, nous allons planter notre propre alo\u00e8s ; Nous aurons \u00e0 notre disposition les plantes (pour en adopter une) et les diff\u00e9rents types de substrat pour pr\u00e9parer le bon m\u00e9lange pour notre Aloe ; Tout cela avec l&rsquo;aide de notre guide qui nous montrera les \u00e9tapes \u00e0 suivre pour que notre plante devienne saine et forte ;<\/p>\n<h2>Temps libre ;<\/h2>\n<p>Vous pouvez prendre un verre dans notre caf\u00e9t\u00e9ria, visiter la boutique, dire bonjour \u00e0 l&rsquo;\u00e2ne, etc&#8230; ;[\/vc_column_text][\/vc_column][\/vc_row][vc_row][vc_column][vc_column_text woodmart_inline=\u00a0\u00bbno\u00a0\u00bb text_larger=\u00a0\u00bbno\u00a0\u00bb]<!-- FareHarbor calendar of item #476156 --><br \/>\n<script src=\"https:\/\/fareharbor.com\/embeds\/script\/calendar\/verdeaurora\/items\/476156\/?fallback=simple&amp;full-items=yes&amp;flow=729734\"><\/script>[\/vc_column_text][\/vc_column][\/vc_row]<\/p>\n<\/div>","protected":false},"excerpt":{"rendered":"<p>[vc_row full_width=\u00a0\u00bbstretch_row\u00a0\u00bb woodmart_bg_position=\u00a0\u00bbcenter-center\u00a0\u00bb woodmart_css_id=\u00a0\u00bb64b7e3baaedea\u00a0\u00bb mobile_bg_img_hidden=\u00a0\u00bbno\u00a0\u00bb tablet_bg_img_hidden=\u00a0\u00bbno\u00a0\u00bb woodmart_parallax=\u00a0\u00bb0&Prime; woodmart_gradient_switch=\u00a0\u00bbno\u00a0\u00bb woodmart_box_shadow=\u00a0\u00bbno\u00a0\u00bb wd_z_index=\u00a0\u00bbno\u00a0\u00bb woodmart_disable_overflow=\u00a0\u00bb0&Prime; row_reverse_mobile=\u00a0\u00bb0&Prime; row_reverse_tablet=\u00a0\u00bb0&Prime; css=\u00a0\u00bb.vc_custom_1689773124140{margin-top: -30px !important;padding-top: 150px !important;padding-bottom: 150px !important;background-image:<\/p>\n","protected":false},"author":6431,"featured_media":0,"parent":0,"menu_order":0,"comment_status":"closed","ping_status":"closed","template":"","meta":{"footnotes":""},"class_list":["post-26005","page","type-page","status-publish","hentry"],"_links":{"self":[{"href":"https:\/\/verdeaurora.com\/fr\/wp-json\/wp\/v2\/pages\/26005","targetHints":{"allow":["GET"]}}],"collection":[{"href":"https:\/\/verdeaurora.com\/fr\/wp-json\/wp\/v2\/pages"}],"about":[{"href":"https:\/\/verdeaurora.com\/fr\/wp-json\/wp\/v2\/types\/page"}],"author":[{"embeddable":true,"href":"https:\/\/verdeaurora.com\/fr\/wp-json\/wp\/v2\/users\/6431"}],"replies":[{"embeddable":true,"href":"https:\/\/verdeaurora.com\/fr\/wp-json\/wp\/v2\/comments?post=26005"}],"version-history":[{"count":0,"href":"https:\/\/verdeaurora.com\/fr\/wp-json\/wp\/v2\/pages\/26005\/revisions"}],"wp:attachment":[{"href":"https:\/\/verdeaurora.com\/fr\/wp-json\/wp\/v2\/media?parent=26005"}],"curies":[{"name":"wp","href":"https:\/\/api.w.org\/{rel}","templated":true}]}}