{"id":13443,"date":"2020-02-29T14:28:14","date_gmt":"2020-02-29T14:28:14","guid":{"rendered":"https:\/\/verdeaurora.com\/v2\/product\/110-huile-a-base-de-plantes-naturelles-a-laloe-vera-et-huile-dolive\/"},"modified":"2026-01-18T20:35:25","modified_gmt":"2026-01-18T20:35:25","slug":"110-huile-a-base-de-plantes-naturelles-a-laloe-vera-et-huile-dolive","status":"publish","type":"product","link":"https:\/\/verdeaurora.com\/fr\/produit\/110-huile-a-base-de-plantes-naturelles-a-laloe-vera-et-huile-dolive\/","title":{"rendered":"110 huile \u00e0 base de plantes naturelles \u00e0 l&rsquo;Aloe vera et huile d&rsquo;olive"},"content":{"rendered":"<h4><span class=\"title\">Description<\/span><\/h4>\n<p>Cette huile tr\u00e8s concentr\u00e9e peut \u00eatre utilis\u00e9e dans diff\u00e9rents cas ; elle agit par exemple comme d\u00e9contractant musculaire, id\u00e9al pour un soin avant le massage de cette partie du corps. Par une application pr\u00e9alable, elle vise \u00e0 garantir l\u2019absorption des principes actifs qui agiront depuis l\u2019int\u00e9rieur. De plus, cette merveilleuse huile agit comme un bain de bouche qui gu\u00e9rit tout type de blessure qui pourrait apparaitre dans la bouche, parmi toutes les autres applications et usages multiples.<\/p>\n<h4>Applications<\/h4>\n<p>&#8211; Anti-inflammatoire<br \/>\n&#8211; Contractures musculaires<br \/>\n&#8211; Cervicales<br \/>\n&#8211; Coups<br \/>\n&#8211; Piq\u00fbres d\u2019insectes<br \/>\n&#8211; Maux de t\u00eate<br \/>\n&#8211; Bains de bouche<br \/>\n&#8211; Plaies de la bouche<br \/>\n&#8211; Anti-moustiques<br \/>\n&#8211; D\u00e9sodorisant<br \/>\n&#8211; Bains relaxants<\/p>\n<h4>Ingr\u00e9dients<\/h4>\n<p>Propylene Glycol, Olea Europea Fruit Extract*, Triticum Vulgare G e r m O i l , A l o e Barbadensis Leaf Extract*, Rosmarinus Officinalis Leaf Extract*, Lavandula Angustifolia Extract*, Citrus Aurantium Dulcis Peel Extract*, Citrus Medica Limonum Peel E x t r a c t * , S a l v i a Officinalis Leaf Extract*, Myrtus Communis Leaf E x t r a c t * , E u c a l y p t u s Globulus Leaf Oil, Mentha<br \/>\nA r v e n s i s L e a f O i l , Cinnamomum Camphora Bark Oil, Pinus Sylvestris Leaf Oil, Cymbopogon Nardus Oil, Melissa Officinalis Extract, Thymus Vulgaris E x t r a c t , C u p r e s s u s Sempervirens Extract, Betula Alba Leaf Extract, Juniperus C o m m u n i s E x t r a c t , H y p e r i c u m Pe r f o r a t u m Extract, Achillea Millefolium Extract, Helichrysum Italicum Extract, Chamomilla Recutita<br \/>\nFlower Extract, Calendula Officinalis Flower Extract, Aesculus Hippocastanum Fruit Extract, Centella Asiatica Extract, Vaccinium Myrtillus<br \/>\nExtract, Hedera Helix Leaf Extract, Ruscus Aculeatus E x t r a c t , P a r f u m , Cinnamomum Zeylanicum Oil, d-Limonene, Linalool, Amyl Cinnamal, Cinnamal, Eugenol, Geraniol.<\/p>\n","protected":false},"excerpt":{"rendered":"<p>Tr\u00e8s concentr\u00e9 et aux applications multiples. D\u00e9contractant musculaire, pour les contractures, les bosses, les piq\u00fbres d&rsquo;insectes et bien d&rsquo;autres situations.<br \/>\nUn produit essentiel et naturel pour l&rsquo;usage quotidien de toute la famille.<\/p>\n<ul>\n<li>100 ml.<\/li>\n<\/ul>\n","protected":false},"featured_media":27167,"comment_status":"open","ping_status":"closed","template":"","meta":[],"product_brand":[],"product_cat":[1010],"product_tag":[],"class_list":{"0":"post-13443","1":"product","2":"type-product","3":"status-publish","4":"has-post-thumbnail","6":"product_cat-aloe-vera-bien-etre","8":"first","9":"instock","10":"taxable","11":"shipping-taxable","12":"purchasable","13":"product-type-simple"},"_links":{"self":[{"href":"https:\/\/verdeaurora.com\/fr\/wp-json\/wp\/v2\/product\/13443","targetHints":{"allow":["GET"]}}],"collection":[{"href":"https:\/\/verdeaurora.com\/fr\/wp-json\/wp\/v2\/product"}],"about":[{"href":"https:\/\/verdeaurora.com\/fr\/wp-json\/wp\/v2\/types\/product"}],"replies":[{"embeddable":true,"href":"https:\/\/verdeaurora.com\/fr\/wp-json\/wp\/v2\/comments?post=13443"}],"wp:featuredmedia":[{"embeddable":true,"href":"https:\/\/verdeaurora.com\/fr\/wp-json\/wp\/v2\/media\/27167"}],"wp:attachment":[{"href":"https:\/\/verdeaurora.com\/fr\/wp-json\/wp\/v2\/media?parent=13443"}],"wp:term":[{"taxonomy":"product_brand","embeddable":true,"href":"https:\/\/verdeaurora.com\/fr\/wp-json\/wp\/v2\/product_brand?post=13443"},{"taxonomy":"product_cat","embeddable":true,"href":"https:\/\/verdeaurora.com\/fr\/wp-json\/wp\/v2\/product_cat?post=13443"},{"taxonomy":"product_tag","embeddable":true,"href":"https:\/\/verdeaurora.com\/fr\/wp-json\/wp\/v2\/product_tag?post=13443"}],"curies":[{"name":"wp","href":"https:\/\/api.w.org\/{rel}","templated":true}]}}