{"id":13491,"date":"2020-02-29T14:28:13","date_gmt":"2020-02-29T14:28:13","guid":{"rendered":"https:\/\/verdeaurora.com\/v2\/product\/jus-daloe-vera-997-500-ml\/"},"modified":"2026-04-18T16:21:05","modified_gmt":"2026-04-18T16:21:05","slug":"jus-daloe-vera-997-500-ml","status":"publish","type":"product","link":"https:\/\/verdeaurora.com\/fr\/produit\/jus-daloe-vera-997-500-ml\/","title":{"rendered":"Jus d&rsquo;Aloe vera 99,7% (500 ml.)"},"content":{"rendered":"<h4><span class=\"title\">Description<\/span><\/h4>\n<p>Id\u00e9al pour tous les probl\u00e8mes qui affectent le corps interne. Prendre 20 ml de jus d&rsquo;Aloe Vera sur un estomac vide 20 minutes avant le petit d\u00e9jeuner. Un apport quotidien de jus d&rsquo;Aloe Vera am\u00e9liore la mauvaise digestion. Il est id\u00e9al pour rajeunir et renforcer le syst\u00e8me et les d\u00e9fenses immunitaires de l&rsquo;organisme, parmi beaucoup d&rsquo;autres avantages.<\/p>\n<h4>Applications<\/h4>\n<ul>\n<li>Nettoyage interne et de rajeunissement<\/li>\n<li>Renforce le syst\u00e8me immunitaire<\/li>\n<li>Acidit\u00e9<\/li>\n<li>Allergies<\/li>\n<li>Troubles digestifs<\/li>\n<li>Raise niveaux d&rsquo;\u00e9nergie<\/li>\n<\/ul>\n<h4><span class=\"title\">Des indications<\/span><\/h4>\n<p>Rappelez-vous: c\u2019est un pur produit d\u2019aloe vera et doit \u00eatre conserv\u00e9 au frais une fois ouvert. Mettez-le au r\u00e9frig\u00e9rateur pour que l&rsquo;aloe vera ne rouille pas.<\/p>\n<h4>Ingr\u00e9dients<\/h4>\n<p>Aloe Barbadensis, Ascorbic Acid, Potasium Sorbate, Sodium Benzoate.<\/p>\n","protected":false},"excerpt":{"rendered":"<p>Gr\u00e2ce \u00e0 sa teneur \u00e9lev\u00e9e en aloe vera organique pur, il est id\u00e9al pour lutter contre tous les probl\u00e8mes qui affectent le corps interne: troubles digestifs et m\u00eame pour calmer les allergies. Prenant seulement 20 ml \u00e0 jeun, le syst\u00e8me immunitaire est renforc\u00e9, nettoyant et rajeunissant de l&rsquo;int\u00e9rieur.<\/p>\n","protected":false},"featured_media":27251,"comment_status":"open","ping_status":"closed","template":"","meta":[],"product_brand":[],"product_cat":[1019],"product_tag":[],"class_list":{"0":"post-13491","1":"product","2":"type-product","3":"status-publish","4":"has-post-thumbnail","6":"product_cat-aloe-vera-pur-fr","8":"first","9":"outofstock","10":"taxable","11":"shipping-taxable","12":"purchasable","13":"product-type-simple"},"_links":{"self":[{"href":"https:\/\/verdeaurora.com\/fr\/wp-json\/wp\/v2\/product\/13491","targetHints":{"allow":["GET"]}}],"collection":[{"href":"https:\/\/verdeaurora.com\/fr\/wp-json\/wp\/v2\/product"}],"about":[{"href":"https:\/\/verdeaurora.com\/fr\/wp-json\/wp\/v2\/types\/product"}],"replies":[{"embeddable":true,"href":"https:\/\/verdeaurora.com\/fr\/wp-json\/wp\/v2\/comments?post=13491"}],"wp:featuredmedia":[{"embeddable":true,"href":"https:\/\/verdeaurora.com\/fr\/wp-json\/wp\/v2\/media\/27251"}],"wp:attachment":[{"href":"https:\/\/verdeaurora.com\/fr\/wp-json\/wp\/v2\/media?parent=13491"}],"wp:term":[{"taxonomy":"product_brand","embeddable":true,"href":"https:\/\/verdeaurora.com\/fr\/wp-json\/wp\/v2\/product_brand?post=13491"},{"taxonomy":"product_cat","embeddable":true,"href":"https:\/\/verdeaurora.com\/fr\/wp-json\/wp\/v2\/product_cat?post=13491"},{"taxonomy":"product_tag","embeddable":true,"href":"https:\/\/verdeaurora.com\/fr\/wp-json\/wp\/v2\/product_tag?post=13491"}],"curies":[{"name":"wp","href":"https:\/\/api.w.org\/{rel}","templated":true}]}}