{"id":26046,"date":"2023-08-22T13:54:01","date_gmt":"2023-08-22T13:54:02","guid":{"rendered":"https:\/\/verdeaurora.com\/?post_type=product&#038;p=26046"},"modified":"2026-05-02T19:51:20","modified_gmt":"2026-05-02T19:51:20","slug":"conditionneur-avec-aloe-vera","status":"publish","type":"product","link":"https:\/\/verdeaurora.com\/fr\/produit\/conditionneur-avec-aloe-vera\/","title":{"rendered":"Conditionneur \u00e0 l&rsquo;Aloe vera"},"content":{"rendered":"<p>Revitalise et prot\u00e8ge vos cheveux de mani\u00e8re naturelle<\/p>\n<p>Notre apr\u00e8s-shampoing \u00e0 l&rsquo;aloe vera est bien plus qu&rsquo;une simple cr\u00e8me pour les cheveux. Con\u00e7u avec soin pour nourrir vos cheveux, sublimer leur texture et am\u00e9liorer leur apparence, en plus de faciliter le coiffage et pr\u00e9venir les redoutables pointes fourchues.<br \/>\nIndiqu\u00e9 pour les cheveux lisses, boucl\u00e9s ou ondul\u00e9s ; ce apr\u00e8s-shampooing est le choix parfait pour vous.<\/p>\n<h4>Qu&rsquo;est-ce qui distingue notre conditionneur ?<\/h4>\n<p>Sa formule unique, enrichie en actifs v\u00e9g\u00e9taux, est exempte de silicones. Cette innovation garantit un soin doux pour vos cheveux et votre cuir chevelu, ce qui vous permet de l&rsquo;utiliser tous les jours sans inqui\u00e9tude.<\/p>\n<p>Les avantages sont \u00e9vidents : nourrir et r\u00e9parer en profondeur. Notre apr\u00e8s-shampoing ne se contente pas de redonner vitalit\u00e9 et beaut\u00e9 \u00e0 vos cheveux, il les prot\u00e8ge \u00e9galement des agressions ext\u00e9rieures au fil du temps.<\/p>\n<h4>Quels sont les ingr\u00e9dients contenus dans ce produit ?<\/h4>\n<p>De l&rsquo;extrait d&rsquo;aloe vera \u00e0 l&rsquo;huile d&rsquo;olive en passant par le beurre de karit\u00e9 et l&rsquo;extrait de moringa, notre combinaison unique travaille en harmonie pour nourrir en profondeur de la racine \u00e0 la pointe. La lavande, le romarin, la grenade et le fenouil marin s&rsquo;associent pour une action r\u00e9paratrice, apportant de la vitalit\u00e9 \u00e0 chaque application.<\/p>\n<p>Outre ses propri\u00e9t\u00e9s, notre conditionneur se distingue par sa texture \u00e9quilibrante et purifiante. Exempt de parab\u00e8nes, de silicones et de produits chimiques nocifs, ce produit est respectueux de vos cheveux et de l&rsquo;environnement. Apr\u00e8s le shampooing, pr\u00e9levez une petite quantit\u00e9 de produit et r\u00e9partissez-la sur l&rsquo;ensemble de la chevelure avant de rincer.<\/p>\n<p>D\u00e9couvrez le secret d&rsquo;une chevelure douce, saine et rebondie. Notre apr\u00e8s-shampooing nourrissant vous offre tous ces avantages et bien plus encore, dans un soin quotidien que vos cheveux m\u00e9ritent.<\/p>\n<p>&nbsp;<\/p>\n<h3>Principes actifs de l&rsquo;apr\u00e8s-shampoing Aloe vera<\/h3>\n<p>D\u00e9couvrez les ingr\u00e9dients puissants de notre m\u00e9lange unique qui nourrissent en profondeur et am\u00e9liorent la sant\u00e9, la texture et l&rsquo;apparence de vos cheveux.<\/p>\n<ul>\n<li><strong>Aloe Vera<\/strong>: D\u00e9congestionnant, protecteur et hydratant. Action antibact\u00e9rienne naturelle.<\/li>\n<li><strong>Huile d&rsquo;olive<\/strong>: \u00e9mollient, protecteur, nourrissant.<\/li>\n<li><span style=\"font-weight: 400;\"><strong>Glyc\u00e9rine<\/strong>: Agent mouillant v\u00e9g\u00e9tal<br \/>\n<\/span><\/li>\n<li><span style=\"font-weight: 400;\"><strong>Beurre de karit\u00e9<\/strong>: Hydratant, nourrissant, adoucissant et antioxydant<br \/>\n<\/span><\/li>\n<li><span style=\"font-weight: 400;\"><strong>Romero<\/strong>: Action purifiante et antibact\u00e9rienne naturelle<br \/>\n<\/span><\/li>\n<li><span style=\"font-weight: 400;\"><strong>Extrait de fleur de Lavandula Angustifolia<\/strong>: Action antibact\u00e9rienne naturelle.<br \/>\n<\/span><\/li>\n<li><span style=\"font-weight: 400;\"><strong>Huile d&rsquo;argan<\/strong>: Apaisant, nourrissant, adoucissant<br \/>\n<\/span><\/li>\n<li><strong>Grenade<\/strong>: Antioxydant, anti-\u00e2ge<\/li>\n<li><strong>Fenouil de mer<\/strong>: Action r\u00e9paratrice, nourrissante et d\u00e9toxifiante.<\/li>\n<\/ul>\n<p>D\u00e9couvrez les avantages de cette combinaison unique dans chaque application.<\/p>\n<p>&nbsp;<\/p>\n<h3>Comment l&rsquo;utiliser<\/h3>\n<p>Apr\u00e8s le shampooing, il suffit de masser une petite quantit\u00e9 de produit dans les cheveux et de laisser agir pendant environ une minute avant de rincer.<br \/>\nPour renforcer le r\u00e9sultat de l&rsquo;Acondicionador con Aloe vera, le compl\u00e9ment parfait est notre <a href=\"https:\/\/verdeaurora.com\/fr\/produit\/champoing-a-laloe-vera-et-huile-dolive\/\" target=\"_blank\" rel=\"noopener\">Shampooing \u00e0 l&rsquo;aloe vera et \u00e0 l&rsquo;huile d&rsquo;olive<\/a>.<\/p>\n<h3>Ingr\u00e9dients<\/h3>\n<blockquote><p>Aqua, Aloe Barbadensis Leaf Extract*, Cetearyl Alcohol , Olea Europaea Fruit Extract*, Glycerin, Butyrospermum Parkii Butter*, Octyldodecanol, Cetearyl Glucoside, Rosmarinus Officinalis Leaf Extract*, Lavandula Angustifolia Flower Extract*, Argania Spinosa Kernel Oil, Moringa Oleifera Seed Extract, Punica Granatum Seed Oil, Crithmum Maritimum Extract, Caprylic\/Capric Triglyceride, Sodium Dehydroacetate, Algin, Parfum, Benzyl Alcohol, Benzoic Acid, Sorbic Acid, Citric Acid, Maltodextrin, Linalool, Geraniol , Limonene , Hexyl Cinnamal.<br \/>\n*DE LA CULTURE BIOLOGIQUE<\/p><\/blockquote>\n","protected":false},"excerpt":{"rendered":"<p>Sans parab\u00e8ne, sans silicone. Meilleur pour vous et pour l&rsquo;environnement.<br \/>\n<span style=\"font-weight: 400;\">L&rsquo;apr\u00e8s-shampoing \u00e0 l&rsquo;aloe vera nourrit vos cheveux, am\u00e9liore leur texture et leur apparence, tout en les rendant plus faciles \u00e0 coiffer et en pr\u00e9venant les pointes fourchues.<br \/>\n<\/span><\/p>\n<ul>\n<li><span style=\"font-weight: 400;\">200 ml.<\/span><\/li>\n<\/ul>\n","protected":false},"featured_media":27171,"comment_status":"open","ping_status":"closed","template":"","meta":[],"product_brand":[],"product_cat":[1328],"product_tag":[],"class_list":{"0":"post-26046","1":"product","2":"type-product","3":"status-publish","4":"has-post-thumbnail","6":"product_cat-nettoyage","8":"first","9":"instock","10":"featured","11":"taxable","12":"shipping-taxable","13":"purchasable","14":"product-type-simple"},"_links":{"self":[{"href":"https:\/\/verdeaurora.com\/fr\/wp-json\/wp\/v2\/product\/26046","targetHints":{"allow":["GET"]}}],"collection":[{"href":"https:\/\/verdeaurora.com\/fr\/wp-json\/wp\/v2\/product"}],"about":[{"href":"https:\/\/verdeaurora.com\/fr\/wp-json\/wp\/v2\/types\/product"}],"replies":[{"embeddable":true,"href":"https:\/\/verdeaurora.com\/fr\/wp-json\/wp\/v2\/comments?post=26046"}],"wp:featuredmedia":[{"embeddable":true,"href":"https:\/\/verdeaurora.com\/fr\/wp-json\/wp\/v2\/media\/27171"}],"wp:attachment":[{"href":"https:\/\/verdeaurora.com\/fr\/wp-json\/wp\/v2\/media?parent=26046"}],"wp:term":[{"taxonomy":"product_brand","embeddable":true,"href":"https:\/\/verdeaurora.com\/fr\/wp-json\/wp\/v2\/product_brand?post=26046"},{"taxonomy":"product_cat","embeddable":true,"href":"https:\/\/verdeaurora.com\/fr\/wp-json\/wp\/v2\/product_cat?post=26046"},{"taxonomy":"product_tag","embeddable":true,"href":"https:\/\/verdeaurora.com\/fr\/wp-json\/wp\/v2\/product_tag?post=26046"}],"curies":[{"name":"wp","href":"https:\/\/api.w.org\/{rel}","templated":true}]}}